{"id":35,"date":"2025-08-07T16:39:42","date_gmt":"2025-08-07T14:39:42","guid":{"rendered":"https:\/\/artnoble.pl\/?page_id=35"},"modified":"2025-08-29T13:35:16","modified_gmt":"2025-08-29T11:35:16","slug":"program","status":"publish","type":"page","link":"https:\/\/artnoble.pl\/?page_id=35","title":{"rendered":"Program"},"content":{"rendered":"\n<figure class=\"wp-block-image size-large\"><img loading=\"lazy\" decoding=\"async\" width=\"1024\" height=\"441\" src=\"https:\/\/artnoble.pl\/wp-content\/uploads\/2025\/08\/www_artNoble_016-1024x441.jpg\" alt=\"\" class=\"wp-image-89\" srcset=\"https:\/\/artnoble.pl\/wp-content\/uploads\/2025\/08\/www_artNoble_016-1024x441.jpg 1024w, https:\/\/artnoble.pl\/wp-content\/uploads\/2025\/08\/www_artNoble_016-300x129.jpg 300w, https:\/\/artnoble.pl\/wp-content\/uploads\/2025\/08\/www_artNoble_016-768x331.jpg 768w, https:\/\/artnoble.pl\/wp-content\/uploads\/2025\/08\/www_artNoble_016-1536x661.jpg 1536w, https:\/\/artnoble.pl\/wp-content\/uploads\/2025\/08\/www_artNoble_016-2048x882.jpg 2048w\" sizes=\"auto, (max-width: 1024px) 100vw, 1024px\" \/><\/figure>\n\n\n\n<p class=\"has-text-align-center has-medium-font-size\"><strong>EDUKACYJNY FESTIWAL SZTUKI artNOBLE 2025<\/strong><\/p>\n\n\n\n<p class=\"has-text-align-center has-small-font-size\"><strong>Mazowieckie Centrum Sztuki Wsp\u00f3\u0142czesnej \u201eElektrownia\u201d<br>ul. Miko\u0142aja Kopernika 1, 26-600 Radom<\/strong><\/p>\n\n\n\n<p class=\"has-text-align-center has-vivid-red-color has-text-color has-link-color has-medium-font-size wp-elements-6e9f7344bfe3f05e7c649deddc4ece43\">P<strong>i\u0105tek, 12 wrze\u015bnia<\/strong><\/p>\n\n\n\n<p class=\"has-text-align-center has-medium-font-size\"><strong>Godz. 17:00<\/strong><\/p>\n\n\n\n<p class=\"has-text-align-center has-small-font-size\"><strong>Uroczyste otwarcie wystaw<\/strong><br>Laureat\u00f3w i wyr\u00f3\u017cnionych artNOBLE 2023\/24:<br>\u2022&nbsp;<strong>\u0141ukasz Sawicki<\/strong>&nbsp;(ASP w Warszawie)<br>\u2022&nbsp;<strong>Laura Pola\u0144ska<\/strong>&nbsp;(Uniwersytet Artystyczny w Poznaniu)<br>\u2022&nbsp;<strong>Karolina Stefa\u0144ska&nbsp;<\/strong>(ASP w Krakowie)<br>\u2022<strong>&nbsp;Ignacy Kulka<\/strong>&nbsp;(ASP w Gda\u0144sku)<\/p>\n\n\n\n<p class=\"has-text-align-center has-medium-font-size\"><strong>Godz. 17:30<\/strong><\/p>\n\n\n\n<p class=\"has-text-align-center has-small-font-size\"><strong>Debata:<\/strong><\/p>\n\n\n\n<p class=\"has-text-align-center has-vivid-cyan-blue-color has-text-color has-link-color has-medium-font-size wp-elements-f86c940783caafea326b34eeafce8117\"><em>Rola przekaz\u00f3w cyfrowych w kontek\u015bcie dziedzictwa kulturowego i ich wp\u0142yw na zaufanie do instytucji wiedzy. Czy ludzka kreacja nie zostanie zast\u0105piona nowymi narz\u0119dziami tworzonymi przez AI?<\/em><\/p>\n\n\n\n<p class=\"has-text-align-center has-small-font-size\"><strong>Prowadz\u0105cy debat\u0119:<\/strong><br>\u2022&nbsp;<strong>Bartek Wi\u0119ckowski<\/strong>&nbsp;\u2013 ekspert w zakresie analiz naukometrycznych (UW), zwi\u0105zany z wydawnictwem Elsevier<br>\u2022&nbsp;<strong>Jerzy Jankowski<\/strong>&nbsp;\u2013 poeta, publicysta, dziennikarz<\/p>\n\n\n\n<p class=\"has-text-align-center has-small-font-size\"><strong>Wsp\u00f3\u0142prowadz\u0105cy \u2013 redaktorzy magazynu studenckiego \u201eKola\u017c\u201d (patron prasowy wydarzenia):<\/strong><br>\u2022 <strong> Antonina W\u00f3jkowska<\/strong>\u00a0(ASP w Warszawie)<br>\u2022\u00a0<strong>Micha\u0142 Szyma\u0144ski<\/strong>\u00a0(Uniwersytet Muzyczny Fryderyka Chopina)<br>\u2022\u00a0<strong>Oliwia Krzy\u017cowska<\/strong>\u00a0(Uniwersytet Warszawski)<\/p>\n\n\n\n<p class=\"has-text-align-center has-small-font-size\"><strong>Go\u015bcie specjalni:<\/strong><br>\u2022&nbsp;<strong>dr Mi\u0142osz Bembinow<\/strong>&nbsp;\u2013 Przewodnicz\u0105cy Zarz\u0105du Stowarzyszenia Autor\u00f3w ZAiKS<br>\u2022&nbsp;<strong>Adam Sanocki<\/strong>&nbsp;\u2013 Cz\u0142onek Zarz\u0105du Polskie Porty Lotnicze S.A.<\/p>\n\n\n\n<p class=\"has-text-align-center has-small-font-size\"><strong>Eksperci i zaproszeni go\u015bcie:<\/strong><br>\u2022<strong>&nbsp;prof. Jacek Staszewski&nbsp;<\/strong>(ASP w Warszawie)<br>\u2022&nbsp;<strong>prof. Waldemar Kuczma<\/strong>&nbsp;(ASP we Wroc\u0142awiu)<br>\u2022 <strong>prof. Micha\u0142 Minor<\/strong>&nbsp;(ASP w Katowicach)<br>\u2022&nbsp;<strong>dr hab. Jaros\u0142aw Bogucki<\/strong>, prof. UA&nbsp;(UAP w Poznaniu)<br>\u2022&nbsp;<strong>prof. Piotr Karczewski<\/strong>&nbsp;(ASP w \u0141odzi)<br>\u2022&nbsp;<strong>prof. Jan Tutaj<\/strong>&nbsp;(ASP w Krakowie)<br>\u2022 <strong>prof. Jacek Zdybel<\/strong>&nbsp;(ASP w Gda\u0144sku)<br>\u2022<strong>&nbsp;prof. Artur Krajewski&nbsp;<\/strong>(ASP w Warszawie)<br>\u2022&nbsp;<strong>dr hab. \u0141ukasz Rudecki&nbsp;<\/strong>\u2013 Dyrektor ds. artystycznych MCSW \u201eElektrownia\u201d<br>\u2022&nbsp;<strong>Wioletta Kotkowska<\/strong>&nbsp;\u2013 p.o. Dyrektora MCSW \u201eElektrownia\u201d<br>\u2022&nbsp;<strong>Jakub Makowski<\/strong>&nbsp;\u2013 Dyrektor Departamentu Ochrony Zabytk\u00f3w<br>\u2022&nbsp;<strong>Pawe\u0142 Witkowski&nbsp;<\/strong>\u2013 kurator MCSW \u201eElektrownia\u201d<br>\u2022&nbsp;<strong>Jaros\u0142aw Olszewski<\/strong>&nbsp;\u2013 Prezes Fundacji Work &amp; Science<\/p>\n\n\n\n<p class=\"has-text-align-center has-medium-font-size\"><strong>Godz. 19:00<\/strong><\/p>\n\n\n\n<p class=\"has-text-align-center has-small-font-size\"><strong>Otwarcie wystawy:<\/strong><br><em>\u201e\u015awi\u0119ta Rodzina. Apokryficzne ideogramy\u201d<\/em>&nbsp;\u2013&nbsp;<strong>Artur Krajewski<\/strong><\/p>\n\n\n\n<p class=\"has-text-align-center has-pale-pink-background-color has-background has-medium-font-size\"><strong>Godz. 20:00<\/strong><br><strong>Uroczysta Gala artNOBLE 2025<\/strong><\/p>\n\n\n\n<p class=\"has-text-align-center has-small-font-size\"><strong>Go\u015bciem Honorowym Gali jest:<\/strong><br><strong>Bo\u017cena \u017belazowska<\/strong>&nbsp;\u2013 Wiceminister Kultury i Dziedzictwa Narodowego, Generalna Konserwator Zabytk\u00f3w<\/p>\n\n\n\n<p class=\"has-text-align-center has-small-font-size\"><strong>Gospodarze Gali:<\/strong><br>\u2022<strong>&nbsp;dr Mi\u0142osz Bembinow<\/strong>&nbsp;\u2013 Przewodnicz\u0105cy Zarz\u0105du Stowarzyszenia Autor\u00f3w ZAiKS<br>\u2022&nbsp;<strong>Adam Sanocki&nbsp;<\/strong>\u2013 Cz\u0142onek Zarz\u0105du Polskie Porty Lotnicze S.A.<br>\u2022&nbsp;<strong>Wioletta Kotkowska<\/strong>&nbsp;\u2013 p.o. Dyrektora MCSW \u201eElektrownia\u201d<br>\u2022&nbsp;<strong>prof. Jan Tutaj&nbsp;<\/strong>\u2013 Przewodnicz\u0105cy Kurator\u00f3w Konkursu artNOBLE, ASP w Krakowie<br>\u2022<strong>&nbsp;Marta Ewa Olbry\u015b<\/strong>&nbsp;\u2013 Prezeska Fundacji artHOLDING, Sekretarz Konkursu<\/p>\n\n\n\n<p class=\"has-text-align-center has-medium-font-size\"><strong>Godz. 20:30<\/strong><\/p>\n\n\n\n<p class=\"has-text-align-center has-small-font-size\"><strong>Koncert \u201eM\u0142odzi dla Sztuki\u201d<\/strong><br>Wyst\u0105pi\u0105:<br>\u2022&nbsp;<strong>Szymon \u015awierzewski&nbsp;<\/strong>\u2013 akordeon (Uniwersytet Muzyczny Fryderyka Chopina)<br>\u2022&nbsp;<strong>Micha\u0142 Szyma\u0144ski&nbsp;<\/strong>\u2013 flet (Uniwersytet Muzyczny Fryderyka Chopina)<\/p>\n\n\n\n<p class=\"has-text-align-center has-small-font-size\"><\/p>\n\n\n\n<p class=\"has-text-align-center has-vivid-red-color has-text-color has-link-color has-small-font-size wp-elements-f3de01bae806ea734b26724f610223f6\"><br><strong>Uwaga:<\/strong> Organizatorzy zastrzegaj\u0105 sobie prawo do zmian w programie.<\/p>\n\n\n\n<p><\/p>\n","protected":false},"excerpt":{"rendered":"<p>EDUKACYJNY FESTIWAL SZTUKI artNOBLE 2025 Mazowieckie Centrum Sztuki Wsp\u00f3\u0142czesnej \u201eElektrownia\u201dul. Miko\u0142aja Kopernika 1, 26-600 Radom Pi\u0105tek, 12 wrze\u015bnia Godz. 17:00 Uroczyste otwarcie wystawLaureat\u00f3w i wyr\u00f3\u017cnionych artNOBLE 2023\/24:\u2022&nbsp;\u0141ukasz Sawicki&nbsp;(ASP w Warszawie)\u2022&nbsp;Laura Pola\u0144ska&nbsp;(Uniwersytet Artystyczny w Poznaniu)\u2022&nbsp;Karolina Stefa\u0144ska&nbsp;(ASP w Krakowie)\u2022&nbsp;Ignacy Kulka&nbsp;(ASP w Gda\u0144sku) Godz. 17:30 Debata: Rola przekaz\u00f3w cyfrowych w kontek\u015bcie dziedzictwa kulturowego i ich wp\u0142yw na zaufanie [&hellip;]<\/p>\n","protected":false},"author":2,"featured_media":0,"parent":0,"menu_order":0,"comment_status":"closed","ping_status":"closed","template":"","meta":{"footnotes":""},"class_list":["post-35","page","type-page","status-publish","hentry"],"_links":{"self":[{"href":"https:\/\/artnoble.pl\/index.php?rest_route=\/wp\/v2\/pages\/35","targetHints":{"allow":["GET"]}}],"collection":[{"href":"https:\/\/artnoble.pl\/index.php?rest_route=\/wp\/v2\/pages"}],"about":[{"href":"https:\/\/artnoble.pl\/index.php?rest_route=\/wp\/v2\/types\/page"}],"author":[{"embeddable":true,"href":"https:\/\/artnoble.pl\/index.php?rest_route=\/wp\/v2\/users\/2"}],"replies":[{"embeddable":true,"href":"https:\/\/artnoble.pl\/index.php?rest_route=%2Fwp%2Fv2%2Fcomments&post=35"}],"version-history":[{"count":14,"href":"https:\/\/artnoble.pl\/index.php?rest_route=\/wp\/v2\/pages\/35\/revisions"}],"predecessor-version":[{"id":135,"href":"https:\/\/artnoble.pl\/index.php?rest_route=\/wp\/v2\/pages\/35\/revisions\/135"}],"wp:attachment":[{"href":"https:\/\/artnoble.pl\/index.php?rest_route=%2Fwp%2Fv2%2Fmedia&parent=35"}],"curies":[{"name":"wp","href":"https:\/\/api.w.org\/{rel}","templated":true}]}}