{"id":17,"date":"2025-08-07T15:14:00","date_gmt":"2025-08-07T13:14:00","guid":{"rendered":"https:\/\/artnoble.pl\/?page_id=17"},"modified":"2025-09-25T19:24:16","modified_gmt":"2025-09-25T17:24:16","slug":"laureaci","status":"publish","type":"page","link":"https:\/\/artnoble.pl\/?page_id=17","title":{"rendered":"Laureaci"},"content":{"rendered":"\n<figure class=\"wp-block-image size-large\"><img loading=\"lazy\" decoding=\"async\" width=\"1024\" height=\"441\" src=\"https:\/\/artnoble.pl\/wp-content\/uploads\/2025\/08\/www_artNoble_001-1-1024x441.jpg\" alt=\"\" class=\"wp-image-39\" srcset=\"https:\/\/artnoble.pl\/wp-content\/uploads\/2025\/08\/www_artNoble_001-1-1024x441.jpg 1024w, https:\/\/artnoble.pl\/wp-content\/uploads\/2025\/08\/www_artNoble_001-1-300x129.jpg 300w, https:\/\/artnoble.pl\/wp-content\/uploads\/2025\/08\/www_artNoble_001-1-768x331.jpg 768w, https:\/\/artnoble.pl\/wp-content\/uploads\/2025\/08\/www_artNoble_001-1-1536x662.jpg 1536w, https:\/\/artnoble.pl\/wp-content\/uploads\/2025\/08\/www_artNoble_001-1-2048x883.jpg 2048w\" sizes=\"auto, (max-width: 1024px) 100vw, 1024px\" \/><\/figure>\n\n\n\n<div class=\"wp-block-columns is-layout-flex wp-container-core-columns-is-layout-28f84493 wp-block-columns-is-layout-flex\">\n<div class=\"wp-block-column is-layout-flow wp-block-column-is-layout-flow\">\n<p class=\"has-small-font-size\"><strong>Edukacyjny Festiwal Sztuki artNOBLE<\/strong> od 2012<br>roku przyznaje nagrod\u0119 \u2013 statuetk\u0119 \u201e1 art\u201d \u2013 w<br>dw\u00f3ch formach: du\u017c\u0105 dla laureata za najlepszy dyplom zrealizowany na jednej z publicznych uczelni<br>plastycznych oraz ma\u0142\u0105 statuetk\u0119 dla uczelni, z kt\u00f3rej<br>pochodzi laureat.<br>Elementem nagrody jest r\u00f3wnie\u017c organizacja wystawy i publicznego pokazu w <strong>Mazowieckim Centrum Sztuki Wsp\u00f3\u0142czesnej \u201eElektrownia\u201d<\/strong>, kt\u00f3re jest wsp\u00f3\u0142organizatorem Festiwalu.<br>W 2025 roku <strong>Ministerstwo Kultury i Dziedzictwa<br>Narodowego<\/strong> ufundowa\u0142o nagrod\u0119 finansow\u0105 dla<br>laureat\u00f3w bior\u0105cych udzia\u0142 w tegorocznej edycji.<\/p>\n\n\n\n<p class=\"has-small-font-size\"><\/p>\n\n\n\n<p class=\"has-small-font-size\"><br><\/p>\n\n\n\n<p class=\"has-small-font-size\"><\/p>\n<\/div>\n\n\n\n<div class=\"wp-block-column is-layout-flow wp-block-column-is-layout-flow\">\n<p>LAUREACI artNOBLE<\/p>\n\n\n\n<p class=\"has-small-font-size\"><strong>2025 \u2013 Plastyka<\/strong><br><strong>Julia Marchlewska <\/strong>(ASP w Gda\u0144sku)<br><strong>Wyr\u00f3\u017cnienia:<\/strong><br><strong>Julia Szymczykowska<\/strong> (ASP w Krakowie)<br><strong>Andrzej Staniek<\/strong> (Uniwersytet Artystyczny w Poznaniu)<\/p>\n\n\n\n<p class=\"has-small-font-size\"><strong>2024 \u2013 Plastyka<\/strong><br><strong>Laura Pola\u0144ska <\/strong>(Uniwersytet Artystyczny w Poznaniu)<br><strong>Wyr\u00f3\u017cnienia:<\/strong><br>Karolina Stefa\u0144ska (ASP w Krakowie)<br>Ignacy Kulka (ASP w Gda\u0144sku)<\/p>\n\n\n\n<p class=\"has-small-font-size\"><strong>2023 \u2013 Plastyka<\/strong><br><strong>\u0141ukasz Sawicki (<\/strong>ASP w Warszawie)<br><strong>Wyr\u00f3\u017cnienia:<\/strong><br>Ewa Czwartos (ASP w Krakowie)<br>Ryszard Paradowski (ASP w Krakowie)<\/p>\n\n\n\n<p class=\"has-small-font-size\"><strong>2022 \u2013 Plastyka<\/strong><br><strong>Igor Koci\u0144ski <\/strong>(ASP w \u0141odzi)<br><strong>Wyr\u00f3\u017cnienia:<\/strong><br>Antonina Chmielewska-Merynda (ASP w Krakowie)<br>Kaja Koster (Uniwersytet Artystyczny w Poznaniu)<\/p>\n\n\n\n<p class=\"has-small-font-size\">2021 \u2013 Plastyka<br><strong>Natalia Gwiazdowska <\/strong>(ASP w Gda\u0144sku)<br>Wyr\u00f3\u017cnienia:<br>Micha\u0142 Wasiak (ASP w \u0141odzi)<br>Anton Sivatski (ASP we Wroc\u0142awiu)<br>Karolina Cygnar (ASP w Krakowie)<br>Adrian Zert (ASP w Katowicach)<\/p>\n\n\n\n<p class=\"has-small-font-size\"><strong>2020 \u2013 Plastyka<\/strong><br><strong>Alicja Pakosz <\/strong>(ASP w Krakowie)<br>Wyr\u00f3\u017cnienia:<br>Katarzyna Piekutowska (ASP w Katowicach)<br>Roxana Goncarzewicz (Uniwersytet Artystyczny w Poznaniu<\/p>\n\n\n\n<p class=\"has-small-font-size\"><strong>2019 \u2013 Plastyka<\/strong><br><strong>Robert Marchewka<\/strong> (ASP w Warszawie)<br>Wyr\u00f3\u017cnienia:<br>Julia \u015awitaj (ASP w Katowicach)<br>Anna Wo\u017aniak (ASP w \u0141odzi)<\/p>\n\n\n\n<p class=\"has-small-font-size\"><strong>2018 \u2013 Plastyka<\/strong><br><strong>Mateusz Kokot <\/strong>(ASP w Katowicach)<br>Wyr\u00f3\u017cnienia:<br>Paulina \u017bmuda (ASP w Gda\u0144sku)<br>Magdalena Sad\u0142owska (ASP w Krakowie)<\/p>\n\n\n\n<p class=\"has-small-font-size\"><strong>2017 \u2013 Plastyka<\/strong><br><strong>Maciej Andrzejczak <\/strong>(Uniwersytet Artystyczny w Poznaniu)<br>Wyr\u00f3\u017cnienia:<br>Justyna Janikowska (ASP w Krakowie)<br>Szymon Ryczek (ASP w \u0141odzi)<\/p>\n\n\n\n<p class=\"has-small-font-size\"><strong>2016 \u2013 Plastyka<\/strong><br><strong>Przemys\u0142aw Je\u017cmirski<\/strong> (ASP w Katowicach)<br>Wyr\u00f3\u017cnienia:<br>Dawid Marszewski (Uniwersytet Artystyczny w Poznaniu)<br>Ewelina Maksymiuk (Akademia Sztuki w Szczecinie)<br>Dariusz Nowak (ASP w Krakowie)<\/p>\n\n\n\n<p class=\"has-small-font-size\"><strong>2015 \u2013 Plastyka<\/strong><br><strong>Natalia \u015awierczyna<\/strong> (ASP w Katowicach)<br>Wyr\u00f3\u017cnienia:<br>Anna Demidowicz (Uniwersytet Artystyczny w Poznaniu)<br>Jerzy Pi\u0105tkowski (ASP w Krakowie)<\/p>\n\n\n\n<p class=\"has-small-font-size\"><strong>2015 \u2013 Muzyka<\/strong><br><strong>Alina Adamski <\/strong>(Akademia Muzyczna w \u0141odzi)<br>Wyr\u00f3\u017cnienia:<br>Aleksandra \u015awiderek (UMFC w Warszawie)<br>Martin Gregorius (AM w Gda\u0144sku)<\/p>\n\n\n\n<p class=\"has-small-font-size\"><strong>2014 \u2013 Plastyka<\/strong><br><strong>Marcelina Gro\u0144<\/strong> (ASP we Wroc\u0142awiu)<br>Wyr\u00f3\u017cnienia:<br>Marlena Biczak (ASP w Krakowie)<br>Krzysztof Sokolovski (ASP w Warszawie)<\/p>\n\n\n\n<p class=\"has-small-font-size\"><strong>2014 \u2013 Muzyka<\/strong><br><strong>Marta Kordykiewicz<\/strong> (UMFC w Warszawie)<br>Wyr\u00f3\u017cnienia:<br>Jekaterina Drzewiecka (AM w Bydgoszczy)<br>Aleksandra Denga (AM w Gda\u0144sku)<\/p>\n\n\n\n<p class=\"has-small-font-size\"><strong>2013 \u2013 Plastyka<\/strong><br><strong>Jacek Dudek<\/strong> (ASP w Krakowie)<br>Wyr\u00f3\u017cnienia:<br>Joanna Kurkiewicz (ASP w \u0141odzi)<br>Grzegorz Klimek (ASP we Wroc\u0142awiu)<\/p>\n\n\n\n<p class=\"has-small-font-size\"><strong>2012 \u2013 Plastyka<\/strong><br><strong>Pawe\u0142 Kwiatkowski<\/strong> (ASP w \u0141odzi)<br>Wyr\u00f3\u017cnienia:<br>Magdalena Grabowska (ASP w Warszawie)<br>Maksymilian Ziobro (Uniwersytet Artystyczny w Poznaniu)<\/p>\n\n\n\n<p class=\"has-small-font-size\"><\/p>\n<\/div>\n<\/div>\n\n\n\n<figure class=\"wp-block-image aligncenter size-full is-style-default\"><img loading=\"lazy\" decoding=\"async\" width=\"2560\" height=\"1103\" src=\"https:\/\/artnoble.pl\/wp-content\/uploads\/2025\/08\/www_artNoble_002_1_11zon-scaled.jpg\" alt=\"\" class=\"wp-image-24\" srcset=\"https:\/\/artnoble.pl\/wp-content\/uploads\/2025\/08\/www_artNoble_002_1_11zon-scaled.jpg 2560w, https:\/\/artnoble.pl\/wp-content\/uploads\/2025\/08\/www_artNoble_002_1_11zon-300x129.jpg 300w, https:\/\/artnoble.pl\/wp-content\/uploads\/2025\/08\/www_artNoble_002_1_11zon-1024x441.jpg 1024w, https:\/\/artnoble.pl\/wp-content\/uploads\/2025\/08\/www_artNoble_002_1_11zon-768x331.jpg 768w, https:\/\/artnoble.pl\/wp-content\/uploads\/2025\/08\/www_artNoble_002_1_11zon-1536x662.jpg 1536w, https:\/\/artnoble.pl\/wp-content\/uploads\/2025\/08\/www_artNoble_002_1_11zon-2048x883.jpg 2048w\" sizes=\"auto, (max-width: 2560px) 100vw, 2560px\" \/><\/figure>\n\n\n\n<div class=\"wp-block-columns is-layout-flex wp-container-core-columns-is-layout-28f84493 wp-block-columns-is-layout-flex\">\n<div class=\"wp-block-column is-layout-flow wp-block-column-is-layout-flow\">\n<p class=\"has-medium-font-size\"><strong>Nominowani do nagrody<br>artNOBLE 2025<\/strong><\/p>\n\n\n\n<p class=\"has-small-font-size\"><\/p>\n<\/div>\n\n\n\n<div class=\"wp-block-column is-layout-flow wp-block-column-is-layout-flow\">\n<p class=\"has-medium-font-size\"><strong>ASP w Katowicach<\/strong><\/p>\n\n\n\n<p class=\"has-small-font-size\"><strong>Olga Nowotnik<\/strong><br>Uko\u0144czy\u0142a Wydzia\u0142 Malarstwa<br><strong>Tytu\u0142 dyplomu:<\/strong> <em>Musz\u0119 by\u0107 tu, gdzie jestem<\/em><br><strong>Promotorzy dyplomu:<\/strong><br><strong>\u2013 prof. dr hab. Andrzej Tobis<br>\u2013 dr Miko\u0142aj Szpaczy\u0144ski<\/strong><\/p>\n\n\n\n<p class=\"has-small-font-size\"><strong>Susanne Szombara<\/strong><br>Uko\u0144czy\u0142a Wydzia\u0142 Artystyczny<br><strong>Tytu\u0142 dyplomu:<\/strong> <em>Dziesi\u0119\u0107 tysi\u0119cy pyta\u0144 o zasadno\u015b\u0107 mowy<\/em><br><strong>Promotorzy dyplomu:<\/strong><br><strong>\u2013 prof. dr hab. Jacek Ryka\u0142a<br>\u2013 dr hab. Aleksander Kozera<\/strong><\/p>\n\n\n\n<p class=\"has-small-font-size\"><strong>Agata Wojtowicz<\/strong><br>Uko\u0144czy\u0142a Wydzia\u0142 Artystyczny<br><strong>Tytu\u0142 dyplomu:<\/strong> <em>O cz\u0142owieku na granicy rzeczywisto\u015bci<\/em><br><strong>Promotorzy dyplomu:<\/strong><br><strong>\u2013 prof. dr hab. Jacek Ryka\u0142a<br>\u2013 dr hab. Dariusz Gajewski, prof. ASP<\/strong><\/p>\n\n\n\n<p class=\"has-medium-font-size\"><strong>ASP w Krakowie<\/strong><\/p>\n\n\n\n<p class=\"has-small-font-size\"><strong>Emilia Fajt<\/strong><br>Uko\u0144czy\u0142a Wydzia\u0142 Rze\u017aby<br><strong>Tytu\u0142 dyplomu:<\/strong> <em>W g\u0142\u0119bi<\/em><br><strong>Promotor dyplomu:<\/strong><br><strong>\u2013 dr Pawe\u0142 Jach<\/strong><\/p>\n\n\n\n<p class=\"has-small-font-size\"><strong>Weronika Kozik<\/strong><br>Uko\u0144czy\u0142a Wydzia\u0142 Grafiki<br><strong>Tytu\u0142 dyplomu:<\/strong> <em>Nietypowe<\/em><br><strong>Promotor dyplomu:<\/strong><br><strong>\u2013 dr Pawe\u0142 Krzywdziak<\/strong><\/p>\n\n\n\n<p class=\"has-small-font-size\"><strong>Julia Szymczykowska<\/strong><br>Uko\u0144czy\u0142a Wydzia\u0142 Malarstwa<br><strong>Tytu\u0142 dyplomu:<\/strong> <em>Trzymaj wod\u0119 nad g\u0142ow\u0105<\/em><br><strong>Promotor dyplomu:<\/strong><br><strong>\u2013 dr hab. Witold Stelmachniewicz, prof. ASP<\/strong><\/p>\n\n\n\n<p><strong>ASP w Warszawie<\/strong><\/p>\n\n\n\n<p class=\"has-small-font-size\"><strong>Margarita Sajkowska<\/strong><br>Uko\u0144czy\u0142a Wydzia\u0142 Rze\u017aby<br><strong>Tytu\u0142 dyplomu:<\/strong> <em>First Person View<\/em><br><strong>Promotor dyplomu:<\/strong><br><strong>\u2013 dr hab. Ma\u0142gorzata Gurowska, prof. ASP<\/strong><\/p>\n\n\n\n<p class=\"has-small-font-size\"><strong>Bart\u0142omiej Wawer<\/strong><br>Uko\u0144czy\u0142 Wydzia\u0142 Malarstwa<br><strong>Tytu\u0142 dyplomu:<\/strong> <em>Malarstwo to zaw\u00f3d<\/em><br><strong>Promotorzy dyplomu:<\/strong><br><strong>\u2013 prof. Wojciech Cie\u015bniewski<br>\u2013 prof. Miros\u0142aw Ba\u0142ka<\/strong><\/p>\n\n\n\n<p class=\"has-small-font-size\"><strong>Natalia Wierniewska<\/strong><br>Uko\u0144czy\u0142a Wydzia\u0142 Grafiki<br><strong>Tytu\u0142 dyplomu:<\/strong> <em>Klatka<\/em><br><strong>Promotor dyplomu:<\/strong><br><strong>\u2013 prof. dr hab. Krzysztof Trusz<\/strong><\/p>\n\n\n\n<p>ASP w Gda\u0144sku<\/p>\n\n\n\n<p class=\"has-small-font-size\"><strong>Julia Marchlewska<\/strong><br>Uko\u0144czy\u0142a Wydzia\u0142 Malarstwa<br><strong>Tytu\u0142 dyplomu:<\/strong> <em>Martwa natura \u2013 reinterpretacje<\/em><br><strong>Promotor dyplomu:<\/strong><br><strong>\u2013 prof. dr hab. Maciej \u015awieszewski<\/strong><\/p>\n\n\n\n<p class=\"has-small-font-size\"><strong>Mateusz Zakrzewski<\/strong><br>Uko\u0144czy\u0142 Wydzia\u0142 Grafiki<br><strong>Tytu\u0142 dyplomu:<\/strong> <em>Wzory konfliktu<\/em><br><strong>Promotorzy dyplomu:<\/strong><br><strong>\u2013 prof. dr hab. Janusz Akermann<br>\u2013 mgr Vasyl Savchenko<\/strong><\/p>\n\n\n\n<p class=\"has-small-font-size\"><strong>Blanka Kami\u0144ska<\/strong><br>Uko\u0144czy\u0142a Wydzia\u0142 Rze\u017aby i Intermedi\u00f3w<br><strong>Tytu\u0142 dyplomu:<\/strong> <em>Chokokukad\u014d \u2013 droga rze\u017abiarza<\/em><br><strong>Promotor dyplomu:<\/strong><br><strong>\u2013 prof. dr hab. Mariusz Bia\u0142ecki<\/strong><\/p>\n\n\n\n<p>ASP w \u0141odzi<\/p>\n\n\n\n<p class=\"has-small-font-size\"><strong>Karolina \u017belaznowska<\/strong><br>Uko\u0144czy\u0142a Wydzia\u0142 Sztuk Pi\u0119knych<br><strong>Tytu\u0142 dyplomu:<\/strong> <em>Cykl prac graficznych w technice sitodruku inspirowanych Symfoni\u0105 V Gustawa Mahlera<\/em><br><strong>Promotor dyplomu:<\/strong><br><strong>\u2013 dr hab. Agata St\u0119pie\u0144, prof. ASP<\/strong><\/p>\n\n\n\n<p class=\"has-small-font-size\"><strong>Natalia K\u0119dzierska<\/strong><br>Uko\u0144czy\u0142a Wydzia\u0142 Sztuk Pi\u0119knych<br><strong>Tytu\u0142 dyplomu:<\/strong> <em>SY\u0141O<\/em><br><strong>Promotorzy dyplomu:<\/strong><br><strong>\u2013 prof. Marek Doma\u0144ski<br>\u2013 dr hab. \u0141ukasz Og\u00f3rek, prof. ASP<br>\u2013 dr hab. Marta Tomczyk, prof. ASP<\/strong><\/p>\n\n\n\n<p>ASP we Wroc\u0142awiu<\/p>\n\n\n\n<p class=\"has-small-font-size\"><strong>Martyna Miroszewska<\/strong><br>Uko\u0144czy\u0142a Wydzia\u0142 Malarstwa i Rysunku<br><strong>Tytu\u0142 dyplomu:<\/strong> <em>Swoistych osobliwo\u015bci melan\u017c. Moje postrzeganie (nie)codziennych zdarze\u0144<\/em><br><strong>Promotor dyplomu:<\/strong><br><strong>\u2013 dr Micha\u0142 Marek<\/strong><\/p>\n\n\n\n<p class=\"has-small-font-size\"><strong>Natalia Psiuk-Karanowska<\/strong><br>Uko\u0144czy\u0142a Wydzia\u0142 Malarstwa i Rysunku<br><strong>Tytu\u0142 dyplomu:<\/strong> <em>Wszystko zostaje w rodzinie<\/em><br><strong>Promotor dyplomu:<\/strong><br><strong>\u2013 dr hab. Micha\u0142 Sikorski, prof. ASP<\/strong><\/p>\n\n\n\n<p>Uniwersytet Artystyczny w Poznaniu<\/p>\n\n\n\n<p class=\"has-small-font-size\"><strong>Andrzej Staniek<\/strong><br>Uko\u0144czy\u0142 Wydzia\u0142 Fotografii<br><strong>Tytu\u0142 dyplomu:<\/strong> <em>Cocktail Creatures<\/em><br><strong>Promotor dyplomu:<\/strong><br><strong>\u2013 dr Mateusz Sadowski<\/strong><\/p>\n\n\n\n<p class=\"has-small-font-size\"><strong>Barbara Borysewicz<\/strong><br>Uko\u0144czy\u0142a Wydzia\u0142 Grafiki Artystycznej<br><strong>Tytu\u0142 dyplomu:<\/strong> <em>Las jako Nie-miejsce. Grafika no\u015bnikiem pami\u0119ci<\/em><br><strong>Promotor dyplomu:<\/strong><br><strong>\u2013 dr hab. Krzysztof Balcerowiak, prof. UAP<\/strong><\/p>\n\n\n\n<p class=\"has-small-font-size\"><strong>Gabriel Kryszpiniuk<\/strong><br>Uko\u0144czy\u0142 Wydzia\u0142 Malarstwa i Rysunku<br><strong>Tytu\u0142 dyplomu:<\/strong> <em>Studium cyber-zupy. Refleksje artysty w \u015brodowisku dualizmu cyfrowego<\/em><br><strong>Promotor dyplomu:<\/strong><br><strong>\u2013 prof. dr hab. Dominik Lejman<\/strong><\/p>\n<\/div>\n<\/div>\n\n\n\n<p><\/p>\n","protected":false},"excerpt":{"rendered":"<p>Edukacyjny Festiwal Sztuki artNOBLE od 2012roku przyznaje nagrod\u0119 \u2013 statuetk\u0119 \u201e1 art\u201d \u2013 wdw\u00f3ch formach: du\u017c\u0105 dla laureata za najlepszy dyplom zrealizowany na jednej z publicznych uczelniplastycznych oraz ma\u0142\u0105 statuetk\u0119 dla uczelni, z kt\u00f3rejpochodzi laureat.Elementem nagrody jest r\u00f3wnie\u017c organizacja wystawy i publicznego pokazu w Mazowieckim Centrum Sztuki Wsp\u00f3\u0142czesnej \u201eElektrownia\u201d, kt\u00f3re jest wsp\u00f3\u0142organizatorem Festiwalu.W 2025 roku [&hellip;]<\/p>\n","protected":false},"author":2,"featured_media":39,"parent":0,"menu_order":0,"comment_status":"closed","ping_status":"closed","template":"","meta":{"footnotes":""},"class_list":["post-17","page","type-page","status-publish","has-post-thumbnail","hentry"],"_links":{"self":[{"href":"https:\/\/artnoble.pl\/index.php?rest_route=\/wp\/v2\/pages\/17","targetHints":{"allow":["GET"]}}],"collection":[{"href":"https:\/\/artnoble.pl\/index.php?rest_route=\/wp\/v2\/pages"}],"about":[{"href":"https:\/\/artnoble.pl\/index.php?rest_route=\/wp\/v2\/types\/page"}],"author":[{"embeddable":true,"href":"https:\/\/artnoble.pl\/index.php?rest_route=\/wp\/v2\/users\/2"}],"replies":[{"embeddable":true,"href":"https:\/\/artnoble.pl\/index.php?rest_route=%2Fwp%2Fv2%2Fcomments&post=17"}],"version-history":[{"count":16,"href":"https:\/\/artnoble.pl\/index.php?rest_route=\/wp\/v2\/pages\/17\/revisions"}],"predecessor-version":[{"id":137,"href":"https:\/\/artnoble.pl\/index.php?rest_route=\/wp\/v2\/pages\/17\/revisions\/137"}],"wp:featuredmedia":[{"embeddable":true,"href":"https:\/\/artnoble.pl\/index.php?rest_route=\/wp\/v2\/media\/39"}],"wp:attachment":[{"href":"https:\/\/artnoble.pl\/index.php?rest_route=%2Fwp%2Fv2%2Fmedia&parent=17"}],"curies":[{"name":"wp","href":"https:\/\/api.w.org\/{rel}","templated":true}]}}