{"id":15,"date":"2025-08-07T15:13:30","date_gmt":"2025-08-07T13:13:30","guid":{"rendered":"https:\/\/artnoble.pl\/?page_id=15"},"modified":"2025-08-22T16:06:16","modified_gmt":"2025-08-22T14:06:16","slug":"partnerzy","status":"publish","type":"page","link":"https:\/\/artnoble.pl\/?page_id=15","title":{"rendered":"Partnerzy"},"content":{"rendered":"\n<figure class=\"wp-block-image size-large\"><img loading=\"lazy\" decoding=\"async\" width=\"1024\" height=\"441\" src=\"https:\/\/artnoble.pl\/wp-content\/uploads\/2025\/08\/www_artNoble_006-1024x441.jpg\" alt=\"\" class=\"wp-image-73\" srcset=\"https:\/\/artnoble.pl\/wp-content\/uploads\/2025\/08\/www_artNoble_006-1024x441.jpg 1024w, https:\/\/artnoble.pl\/wp-content\/uploads\/2025\/08\/www_artNoble_006-300x129.jpg 300w, https:\/\/artnoble.pl\/wp-content\/uploads\/2025\/08\/www_artNoble_006-768x331.jpg 768w, https:\/\/artnoble.pl\/wp-content\/uploads\/2025\/08\/www_artNoble_006-1536x662.jpg 1536w, https:\/\/artnoble.pl\/wp-content\/uploads\/2025\/08\/www_artNoble_006-2048x883.jpg 2048w\" sizes=\"auto, (max-width: 1024px) 100vw, 1024px\" \/><\/figure>\n\n\n\n<div class=\"wp-block-columns is-layout-flex wp-container-core-columns-is-layout-28f84493 wp-block-columns-is-layout-flex\">\n<div class=\"wp-block-column is-layout-flow wp-block-column-is-layout-flow\">\n<p class=\"has-small-font-size\">Ka\u017cde przedsi\u0119wzi\u0119cie ma swoich patron\u00f3w i partner\u00f3w. <strong>Edukacyjny Festiwal Sztuki artNOBLE<\/strong> oraz jego organizatorzy \u2013<strong> Mazowieckie Centrum Sztuki Wsp\u00f3\u0142czesnej \u201eElektrownia\u201d w Radomiu<\/strong> i F<strong>undacja Kultury i Sztuki artHolding<\/strong> \u2013 sk\u0142adaj\u0105 serdeczne podzi\u0119kowania wszystkim darczy\u0144com i wyra\u017caj\u0105 wdzi\u0119czno\u015b\u0107 za ka\u017cd\u0105 okazan\u0105 pomoc i wsparcie.<\/p>\n\n\n\n<p class=\"has-small-font-size\"><\/p>\n\n\n\n<p class=\"has-small-font-size\"><\/p>\n\n\n\n<p class=\"has-small-font-size\"><\/p>\n<\/div>\n\n\n\n<div class=\"wp-block-column is-layout-flow wp-block-column-is-layout-flow\">\n<p class=\"has-small-font-size\"><strong>Edukacyjny Festiwal Sztuki artNOBLE <\/strong>jest otwarty na r\u00f3\u017cne formy partnerstwa. Wszystkich zainteresowanych serdecznie zapraszamy do kontaktu pod adresem:<\/p>\n\n\n\n<p class=\"has-small-font-size\"><strong><a href=\"mailto:biuro@miastogwiazd.pl\">biuro@miastogwiazd.pl<\/a><\/strong><\/p>\n\n\n\n<p class=\"has-small-font-size\"><\/p>\n\n\n\n<p class=\"has-small-font-size\"><\/p>\n<\/div>\n<\/div>\n\n\n\n<p class=\"has-text-align-center\"><strong>DZI\u0118KUJEMY!<\/strong><\/p>\n\n\n\n<p><\/p>\n\n\n\n<figure class=\"wp-block-image size-large\"><img loading=\"lazy\" decoding=\"async\" width=\"1024\" height=\"339\" src=\"https:\/\/artnoble.pl\/wp-content\/uploads\/2025\/08\/www_artNoble_008-1024x339.jpg\" alt=\"\" class=\"wp-image-76\" srcset=\"https:\/\/artnoble.pl\/wp-content\/uploads\/2025\/08\/www_artNoble_008-1024x339.jpg 1024w, https:\/\/artnoble.pl\/wp-content\/uploads\/2025\/08\/www_artNoble_008-300x99.jpg 300w, https:\/\/artnoble.pl\/wp-content\/uploads\/2025\/08\/www_artNoble_008-768x254.jpg 768w, https:\/\/artnoble.pl\/wp-content\/uploads\/2025\/08\/www_artNoble_008-1536x508.jpg 1536w, https:\/\/artnoble.pl\/wp-content\/uploads\/2025\/08\/www_artNoble_008-2048x677.jpg 2048w\" sizes=\"auto, (max-width: 1024px) 100vw, 1024px\" \/><\/figure>\n\n\n\n<figure class=\"wp-block-image size-large\"><img loading=\"lazy\" decoding=\"async\" width=\"1024\" height=\"228\" src=\"https:\/\/artnoble.pl\/wp-content\/uploads\/2025\/08\/www_artNoble_009-1024x228.jpg\" alt=\"\" class=\"wp-image-77\" srcset=\"https:\/\/artnoble.pl\/wp-content\/uploads\/2025\/08\/www_artNoble_009-1024x228.jpg 1024w, https:\/\/artnoble.pl\/wp-content\/uploads\/2025\/08\/www_artNoble_009-300x67.jpg 300w, https:\/\/artnoble.pl\/wp-content\/uploads\/2025\/08\/www_artNoble_009-768x171.jpg 768w, https:\/\/artnoble.pl\/wp-content\/uploads\/2025\/08\/www_artNoble_009-1536x343.jpg 1536w, https:\/\/artnoble.pl\/wp-content\/uploads\/2025\/08\/www_artNoble_009-2048x457.jpg 2048w\" sizes=\"auto, (max-width: 1024px) 100vw, 1024px\" \/><\/figure>\n\n\n\n<figure class=\"wp-block-image size-large\"><img loading=\"lazy\" decoding=\"async\" width=\"1024\" height=\"186\" src=\"https:\/\/artnoble.pl\/wp-content\/uploads\/2025\/08\/www_artNoble_014-1024x186.jpg\" alt=\"\" class=\"wp-image-102\" srcset=\"https:\/\/artnoble.pl\/wp-content\/uploads\/2025\/08\/www_artNoble_014-1024x186.jpg 1024w, https:\/\/artnoble.pl\/wp-content\/uploads\/2025\/08\/www_artNoble_014-300x55.jpg 300w, https:\/\/artnoble.pl\/wp-content\/uploads\/2025\/08\/www_artNoble_014-768x140.jpg 768w, https:\/\/artnoble.pl\/wp-content\/uploads\/2025\/08\/www_artNoble_014-1536x280.jpg 1536w, https:\/\/artnoble.pl\/wp-content\/uploads\/2025\/08\/www_artNoble_014-2048x373.jpg 2048w\" sizes=\"auto, (max-width: 1024px) 100vw, 1024px\" \/><\/figure>\n\n\n\n<figure class=\"wp-block-image size-large\"><img loading=\"lazy\" decoding=\"async\" width=\"1024\" height=\"186\" src=\"https:\/\/artnoble.pl\/wp-content\/uploads\/2025\/08\/www_artNoble_015-1-1024x186.jpg\" alt=\"\" class=\"wp-image-104\" srcset=\"https:\/\/artnoble.pl\/wp-content\/uploads\/2025\/08\/www_artNoble_015-1-1024x186.jpg 1024w, https:\/\/artnoble.pl\/wp-content\/uploads\/2025\/08\/www_artNoble_015-1-300x55.jpg 300w, https:\/\/artnoble.pl\/wp-content\/uploads\/2025\/08\/www_artNoble_015-1-768x140.jpg 768w, https:\/\/artnoble.pl\/wp-content\/uploads\/2025\/08\/www_artNoble_015-1-1536x280.jpg 1536w, https:\/\/artnoble.pl\/wp-content\/uploads\/2025\/08\/www_artNoble_015-1-2048x373.jpg 2048w\" sizes=\"auto, (max-width: 1024px) 100vw, 1024px\" \/><\/figure>\n\n\n\n<figure class=\"wp-block-image size-large\"><img loading=\"lazy\" decoding=\"async\" width=\"1024\" height=\"166\" src=\"https:\/\/artnoble.pl\/wp-content\/uploads\/2025\/08\/www_artNoble_011-1024x166.jpg\" alt=\"\" class=\"wp-image-105\" srcset=\"https:\/\/artnoble.pl\/wp-content\/uploads\/2025\/08\/www_artNoble_011-1024x166.jpg 1024w, https:\/\/artnoble.pl\/wp-content\/uploads\/2025\/08\/www_artNoble_011-300x49.jpg 300w, https:\/\/artnoble.pl\/wp-content\/uploads\/2025\/08\/www_artNoble_011-768x125.jpg 768w, https:\/\/artnoble.pl\/wp-content\/uploads\/2025\/08\/www_artNoble_011-1536x249.jpg 1536w, https:\/\/artnoble.pl\/wp-content\/uploads\/2025\/08\/www_artNoble_011-2048x332.jpg 2048w\" sizes=\"auto, (max-width: 1024px) 100vw, 1024px\" \/><\/figure>\n\n\n\n<figure class=\"wp-block-image size-large\"><img loading=\"lazy\" decoding=\"async\" width=\"1024\" height=\"154\" src=\"https:\/\/artnoble.pl\/wp-content\/uploads\/2025\/08\/www_artNoble_010-1024x154.jpg\" alt=\"\" class=\"wp-image-78\" srcset=\"https:\/\/artnoble.pl\/wp-content\/uploads\/2025\/08\/www_artNoble_010-1024x154.jpg 1024w, https:\/\/artnoble.pl\/wp-content\/uploads\/2025\/08\/www_artNoble_010-300x45.jpg 300w, https:\/\/artnoble.pl\/wp-content\/uploads\/2025\/08\/www_artNoble_010-768x115.jpg 768w, https:\/\/artnoble.pl\/wp-content\/uploads\/2025\/08\/www_artNoble_010-1536x231.jpg 1536w, https:\/\/artnoble.pl\/wp-content\/uploads\/2025\/08\/www_artNoble_010-2048x308.jpg 2048w\" sizes=\"auto, (max-width: 1024px) 100vw, 1024px\" \/><\/figure>\n\n\n\n<figure class=\"wp-block-image size-large\"><img loading=\"lazy\" decoding=\"async\" width=\"1024\" height=\"166\" src=\"https:\/\/artnoble.pl\/wp-content\/uploads\/2025\/08\/www_artNoble_012-1024x166.jpg\" alt=\"\" class=\"wp-image-79\" srcset=\"https:\/\/artnoble.pl\/wp-content\/uploads\/2025\/08\/www_artNoble_012-1024x166.jpg 1024w, https:\/\/artnoble.pl\/wp-content\/uploads\/2025\/08\/www_artNoble_012-300x49.jpg 300w, https:\/\/artnoble.pl\/wp-content\/uploads\/2025\/08\/www_artNoble_012-768x124.jpg 768w, https:\/\/artnoble.pl\/wp-content\/uploads\/2025\/08\/www_artNoble_012-1536x249.jpg 1536w, https:\/\/artnoble.pl\/wp-content\/uploads\/2025\/08\/www_artNoble_012-2048x331.jpg 2048w\" sizes=\"auto, (max-width: 1024px) 100vw, 1024px\" \/><\/figure>\n\n\n\n<p><\/p>\n\n\n\n<figure class=\"wp-block-image aligncenter size-full is-resized\"><img loading=\"lazy\" decoding=\"async\" width=\"606\" height=\"814\" src=\"https:\/\/artnoble.pl\/wp-content\/uploads\/2025\/08\/reka-artnoble-1.png\" alt=\"\" class=\"wp-image-109\" style=\"width:209px;height:auto\" srcset=\"https:\/\/artnoble.pl\/wp-content\/uploads\/2025\/08\/reka-artnoble-1.png 606w, https:\/\/artnoble.pl\/wp-content\/uploads\/2025\/08\/reka-artnoble-1-223x300.png 223w\" sizes=\"auto, (max-width: 606px) 100vw, 606px\" \/><\/figure>\n","protected":false},"excerpt":{"rendered":"<p>Ka\u017cde przedsi\u0119wzi\u0119cie ma swoich patron\u00f3w i partner\u00f3w. Edukacyjny Festiwal Sztuki artNOBLE oraz jego organizatorzy \u2013 Mazowieckie Centrum Sztuki Wsp\u00f3\u0142czesnej \u201eElektrownia\u201d w Radomiu i Fundacja Kultury i Sztuki artHolding \u2013 sk\u0142adaj\u0105 serdeczne podzi\u0119kowania wszystkim darczy\u0144com i wyra\u017caj\u0105 wdzi\u0119czno\u015b\u0107 za ka\u017cd\u0105 okazan\u0105 pomoc i wsparcie. Edukacyjny Festiwal Sztuki artNOBLE jest otwarty na r\u00f3\u017cne formy partnerstwa. Wszystkich zainteresowanych [&hellip;]<\/p>\n","protected":false},"author":2,"featured_media":0,"parent":0,"menu_order":0,"comment_status":"closed","ping_status":"closed","template":"","meta":{"footnotes":""},"class_list":["post-15","page","type-page","status-publish","hentry"],"_links":{"self":[{"href":"https:\/\/artnoble.pl\/index.php?rest_route=\/wp\/v2\/pages\/15","targetHints":{"allow":["GET"]}}],"collection":[{"href":"https:\/\/artnoble.pl\/index.php?rest_route=\/wp\/v2\/pages"}],"about":[{"href":"https:\/\/artnoble.pl\/index.php?rest_route=\/wp\/v2\/types\/page"}],"author":[{"embeddable":true,"href":"https:\/\/artnoble.pl\/index.php?rest_route=\/wp\/v2\/users\/2"}],"replies":[{"embeddable":true,"href":"https:\/\/artnoble.pl\/index.php?rest_route=%2Fwp%2Fv2%2Fcomments&post=15"}],"version-history":[{"count":8,"href":"https:\/\/artnoble.pl\/index.php?rest_route=\/wp\/v2\/pages\/15\/revisions"}],"predecessor-version":[{"id":111,"href":"https:\/\/artnoble.pl\/index.php?rest_route=\/wp\/v2\/pages\/15\/revisions\/111"}],"wp:attachment":[{"href":"https:\/\/artnoble.pl\/index.php?rest_route=%2Fwp%2Fv2%2Fmedia&parent=15"}],"curies":[{"name":"wp","href":"https:\/\/api.w.org\/{rel}","templated":true}]}}