{"id":140,"date":"2025-09-25T19:47:06","date_gmt":"2025-09-25T17:47:06","guid":{"rendered":"https:\/\/artnoble.pl\/?page_id=140"},"modified":"2025-09-30T20:22:40","modified_gmt":"2025-09-30T18:22:40","slug":"tak-bylo","status":"publish","type":"page","link":"https:\/\/artnoble.pl\/?page_id=140","title":{"rendered":"Tak By\u0142o&#8230;"},"content":{"rendered":"\n<figure class=\"wp-block-image size-large\" id=\"https:\/\/artnoble.pl\/?page_id=18\"><img loading=\"lazy\" decoding=\"async\" width=\"1024\" height=\"441\" src=\"https:\/\/artnoble.pl\/wp-content\/uploads\/2025\/09\/www_artNoble_017-1024x441.jpg\" alt=\"\" class=\"wp-image-141\" srcset=\"https:\/\/artnoble.pl\/wp-content\/uploads\/2025\/09\/www_artNoble_017-1024x441.jpg 1024w, https:\/\/artnoble.pl\/wp-content\/uploads\/2025\/09\/www_artNoble_017-300x129.jpg 300w, https:\/\/artnoble.pl\/wp-content\/uploads\/2025\/09\/www_artNoble_017-768x331.jpg 768w, https:\/\/artnoble.pl\/wp-content\/uploads\/2025\/09\/www_artNoble_017-1536x662.jpg 1536w, https:\/\/artnoble.pl\/wp-content\/uploads\/2025\/09\/www_artNoble_017-2048x883.jpg 2048w\" sizes=\"auto, (max-width: 1024px) 100vw, 1024px\" \/><\/figure>\n\n\n\n<div class=\"wp-block-group has-global-padding is-layout-constrained wp-block-group-is-layout-constrained\">\n<p class=\"has-vivid-red-color has-text-color has-link-color has-large-font-size wp-elements-f5fa50c46436ef2bbbcb5ff9a9f7f1d5\">To ju\u017c <strong>14. edycja artNoble 2025<\/strong>\u2013 NAGRODY ROZDANE{!!!} <\/p>\n<\/div>\n\n\n\n<div class=\"wp-block-columns is-layout-flex wp-container-core-columns-is-layout-28f84493 wp-block-columns-is-layout-flex\">\n<div class=\"wp-block-column is-layout-flow wp-block-column-is-layout-flow\" style=\"flex-basis:100%\">\n<div class=\"wp-block-group is-vertical is-layout-flex wp-container-core-group-is-layout-fe9cc265 wp-block-group-is-layout-flex\">\n<p class=\"has-medium-font-size\"><strong>W pi\u0105tek, 12 wrze\u015bnia, w Mazowieckim Centrum Sztuki Wsp\u00f3\u0142czesnej \u201eElektrownia\u201d w Radomiu odby\u0142a si\u0119 14. edycja Edukacyjnego Festiwalu Sztuki artNoble 2025.<br><\/strong><\/p>\n\n\n\n<p class=\"has-small-font-size wp-container-content-9cfa9a5a\">To wydarzenie po\u015bwi\u0119cone jest promocji najzdolniejszych absolwent\u00f3w publicznych uczelni artystycznych w Polsce. Zg\u0142oszone dyplomy to nie tylko efekt ko\u0144cowy edukacji, ale przede wszystkim profesjonalny poziom m\u0142odej sztuki i jej tw\u00f3rc\u00f3w. artNoble to przestrze\u0144 spotka\u0144, inspiracji i wspierania artystycznych talent\u00f3w, kt\u00f3re w\u0142a\u015bnie wkraczaj\u0105 na scen\u0119 zawodow\u0105.<\/p>\n<\/div>\n<\/div>\n<\/div>\n\n\n\n<p class=\"has-large-font-size\">art<strong>Historia 2025<\/strong><\/p>\n\n\n\n<figure class=\"wp-block-image size-large\"><img loading=\"lazy\" decoding=\"async\" width=\"1024\" height=\"441\" src=\"https:\/\/artnoble.pl\/wp-content\/uploads\/2025\/09\/artNoble-001-1024x441.jpg\" alt=\"\" class=\"wp-image-159\" srcset=\"https:\/\/artnoble.pl\/wp-content\/uploads\/2025\/09\/artNoble-001-1024x441.jpg 1024w, https:\/\/artnoble.pl\/wp-content\/uploads\/2025\/09\/artNoble-001-300x129.jpg 300w, https:\/\/artnoble.pl\/wp-content\/uploads\/2025\/09\/artNoble-001-768x331.jpg 768w, https:\/\/artnoble.pl\/wp-content\/uploads\/2025\/09\/artNoble-001-1536x661.jpg 1536w, https:\/\/artnoble.pl\/wp-content\/uploads\/2025\/09\/artNoble-001-2048x882.jpg 2048w\" sizes=\"auto, (max-width: 1024px) 100vw, 1024px\" \/><\/figure>\n\n\n\n<p class=\"has-text-align-center has-medium-font-size\"><strong>EDUKACYJNY FESTIWAL SZTUKI artNOBLE 2025<\/strong><\/p>\n\n\n\n<p class=\"has-text-align-center has-small-font-size\"><strong>Mazowieckie Centrum Sztuki Wsp\u00f3\u0142czesnej \u201eElektrownia\u201d<br>ul. Miko\u0142aja Kopernika 1, 26-600 Radom<\/strong><\/p>\n\n\n\n<p class=\"has-text-align-center has-vivid-red-color has-text-color has-link-color has-medium-font-size wp-elements-6e9f7344bfe3f05e7c649deddc4ece43\">P<strong>i\u0105tek, 12 wrze\u015bnia<\/strong><\/p>\n\n\n\n<figure class=\"wp-block-image size-large\"><img loading=\"lazy\" decoding=\"async\" width=\"1024\" height=\"441\" src=\"https:\/\/artnoble.pl\/wp-content\/uploads\/2025\/09\/artNoble-002-1024x441.jpg\" alt=\"\" class=\"wp-image-160\" srcset=\"https:\/\/artnoble.pl\/wp-content\/uploads\/2025\/09\/artNoble-002-1024x441.jpg 1024w, https:\/\/artnoble.pl\/wp-content\/uploads\/2025\/09\/artNoble-002-300x129.jpg 300w, https:\/\/artnoble.pl\/wp-content\/uploads\/2025\/09\/artNoble-002-768x331.jpg 768w, https:\/\/artnoble.pl\/wp-content\/uploads\/2025\/09\/artNoble-002-1536x661.jpg 1536w, https:\/\/artnoble.pl\/wp-content\/uploads\/2025\/09\/artNoble-002-2048x882.jpg 2048w\" sizes=\"auto, (max-width: 1024px) 100vw, 1024px\" \/><\/figure>\n\n\n\n<figure class=\"wp-block-image size-large\"><img loading=\"lazy\" decoding=\"async\" width=\"1024\" height=\"441\" src=\"https:\/\/artnoble.pl\/wp-content\/uploads\/2025\/09\/artNoble-003-1024x441.jpg\" alt=\"\" class=\"wp-image-161\" srcset=\"https:\/\/artnoble.pl\/wp-content\/uploads\/2025\/09\/artNoble-003-1024x441.jpg 1024w, https:\/\/artnoble.pl\/wp-content\/uploads\/2025\/09\/artNoble-003-300x129.jpg 300w, https:\/\/artnoble.pl\/wp-content\/uploads\/2025\/09\/artNoble-003-768x331.jpg 768w, https:\/\/artnoble.pl\/wp-content\/uploads\/2025\/09\/artNoble-003-1536x661.jpg 1536w, https:\/\/artnoble.pl\/wp-content\/uploads\/2025\/09\/artNoble-003-2048x882.jpg 2048w\" sizes=\"auto, (max-width: 1024px) 100vw, 1024px\" \/><\/figure>\n\n\n\n<figure class=\"wp-block-image size-large\"><img loading=\"lazy\" decoding=\"async\" width=\"1024\" height=\"441\" src=\"https:\/\/artnoble.pl\/wp-content\/uploads\/2025\/09\/artNoble-004-1024x441.jpg\" alt=\"\" class=\"wp-image-162\" srcset=\"https:\/\/artnoble.pl\/wp-content\/uploads\/2025\/09\/artNoble-004-1024x441.jpg 1024w, https:\/\/artnoble.pl\/wp-content\/uploads\/2025\/09\/artNoble-004-300x129.jpg 300w, https:\/\/artnoble.pl\/wp-content\/uploads\/2025\/09\/artNoble-004-768x331.jpg 768w, https:\/\/artnoble.pl\/wp-content\/uploads\/2025\/09\/artNoble-004-1536x661.jpg 1536w, https:\/\/artnoble.pl\/wp-content\/uploads\/2025\/09\/artNoble-004-2048x882.jpg 2048w\" sizes=\"auto, (max-width: 1024px) 100vw, 1024px\" \/><\/figure>\n\n\n\n<p class=\"has-text-align-center has-medium-font-size\"><strong>Godz. 17:00<\/strong><\/p>\n\n\n\n<p class=\"has-text-align-center has-small-font-size\"><strong>Uroczyste otwarcie wystaw<\/strong><br>Laureat\u00f3w i wyr\u00f3\u017cnionych artNOBLE 2023\/24:<br>\u2022&nbsp;<strong>\u0141ukasz Sawicki<\/strong>&nbsp;(ASP w Warszawie)<br>\u2022&nbsp;<strong>Laura Pola\u0144ska<\/strong>&nbsp;(Uniwersytet Artystyczny w Poznaniu)<br>\u2022&nbsp;<strong>Karolina Stefa\u0144ska&nbsp;<\/strong>(ASP w Krakowie)<br>\u2022<strong>&nbsp;Ignacy Kulka<\/strong>&nbsp;(ASP w Gda\u0144sku)<\/p>\n\n\n\n<p class=\"has-text-align-center has-medium-font-size\"><strong>Godz. 17:30<\/strong><\/p>\n\n\n\n<figure class=\"wp-block-image size-large\"><img loading=\"lazy\" decoding=\"async\" width=\"1024\" height=\"441\" src=\"https:\/\/artnoble.pl\/wp-content\/uploads\/2025\/09\/artNoble-005-1024x441.jpg\" alt=\"\" class=\"wp-image-165\" srcset=\"https:\/\/artnoble.pl\/wp-content\/uploads\/2025\/09\/artNoble-005-1024x441.jpg 1024w, https:\/\/artnoble.pl\/wp-content\/uploads\/2025\/09\/artNoble-005-300x129.jpg 300w, https:\/\/artnoble.pl\/wp-content\/uploads\/2025\/09\/artNoble-005-768x331.jpg 768w, https:\/\/artnoble.pl\/wp-content\/uploads\/2025\/09\/artNoble-005-1536x661.jpg 1536w, https:\/\/artnoble.pl\/wp-content\/uploads\/2025\/09\/artNoble-005-2048x882.jpg 2048w\" sizes=\"auto, (max-width: 1024px) 100vw, 1024px\" \/><\/figure>\n\n\n\n<p class=\"has-text-align-center has-small-font-size\"><strong>Debata:<\/strong><\/p>\n\n\n\n<p class=\"has-text-align-center has-vivid-cyan-blue-color has-text-color has-link-color has-medium-font-size wp-elements-f86c940783caafea326b34eeafce8117\"><em>Rola przekaz\u00f3w cyfrowych w kontek\u015bcie dziedzictwa kulturowego i ich wp\u0142yw na zaufanie do instytucji wiedzy. Czy ludzka kreacja nie zostanie zast\u0105piona nowymi narz\u0119dziami tworzonymi przez AI?<\/em><\/p>\n\n\n\n<p class=\"has-text-align-center has-small-font-size\"><strong>Prowadz\u0105cy debat\u0119:<\/strong><br>\u2022&nbsp;<strong>Bartek Wi\u0119ckowski<\/strong>&nbsp;\u2013 ekspert w zakresie analiz naukometrycznych (UW), zwi\u0105zany z wydawnictwem Elsevier<br>\u2022&nbsp;<strong>Jerzy Jankowski<\/strong>&nbsp;\u2013 poeta, publicysta, dziennikarz<\/p>\n\n\n\n<p class=\"has-text-align-center has-small-font-size\"><strong>Wsp\u00f3\u0142prowadz\u0105cy \u2013 redaktorzy magazynu studenckiego \u201eKola\u017c\u201d (patron prasowy wydarzenia):<\/strong><br>\u2022 <strong> Antonina W\u00f3jkowska<\/strong>&nbsp;(ASP w Warszawie)<br>\u2022&nbsp;<strong>Micha\u0142 Szyma\u0144ski<\/strong>&nbsp;(Uniwersytet Muzyczny Fryderyka Chopina)<br>\u2022&nbsp;<strong>Oliwia Krzy\u017cowska<\/strong>&nbsp;(Uniwersytet Warszawski)<\/p>\n\n\n\n<figure class=\"wp-block-image size-large\"><img loading=\"lazy\" decoding=\"async\" width=\"1024\" height=\"441\" src=\"https:\/\/artnoble.pl\/wp-content\/uploads\/2025\/09\/artNoble-007-1024x441.jpg\" alt=\"\" class=\"wp-image-167\" srcset=\"https:\/\/artnoble.pl\/wp-content\/uploads\/2025\/09\/artNoble-007-1024x441.jpg 1024w, https:\/\/artnoble.pl\/wp-content\/uploads\/2025\/09\/artNoble-007-300x129.jpg 300w, https:\/\/artnoble.pl\/wp-content\/uploads\/2025\/09\/artNoble-007-768x331.jpg 768w, https:\/\/artnoble.pl\/wp-content\/uploads\/2025\/09\/artNoble-007-1536x661.jpg 1536w, https:\/\/artnoble.pl\/wp-content\/uploads\/2025\/09\/artNoble-007-2048x882.jpg 2048w\" sizes=\"auto, (max-width: 1024px) 100vw, 1024px\" \/><\/figure>\n\n\n\n<p class=\"has-text-align-center has-small-font-size\"><strong>Go\u015bcie specjalni:<\/strong><br>\u2022&nbsp;<strong>dr Mi\u0142osz Bembinow<\/strong>&nbsp;\u2013 Przewodnicz\u0105cy Zarz\u0105du Stowarzyszenia Autor\u00f3w ZAiKS<br>\u2022&nbsp;<strong>Joanna Bochniarz<\/strong> \u2013 Prezeska Fundacji Polskich Port\u00f3w Lotniczych<\/p>\n\n\n\n<p class=\"has-text-align-center has-small-font-size\"><strong>Eksperci i zaproszeni go\u015bcie:<\/strong><br>\u2022<strong>&nbsp;prof. Jacek Staszewski&nbsp;<\/strong>(ASP w Warszawie)<br>\u2022 <strong>prof. Micha\u0142 Minor<\/strong>&nbsp;(ASP w Katowicach)<br>\u2022&nbsp;<strong>prof. Jan Tutaj<\/strong>&nbsp;(ASP w Krakowie)<br>\u2022 <strong>prof. Adam \u015awier\u017cewski \u2013 Rektor ASP w Gda\u0144sku<\/strong><br>\u2022<strong>&nbsp;prof. Artur Krajewski&nbsp;<\/strong>(ASP w Warszawie)<br>\u2022&nbsp;<strong>dr hab. \u0141ukasz Rudecki&nbsp;<\/strong>\u2013 Dyrektor ds. artystycznych MCSW \u201eElektrownia\u201d<br>\u2022&nbsp;<strong>Wioletta Kotkowska<\/strong>&nbsp;\u2013 p.o. Dyrektora MCSW \u201eElektrownia\u201d<br>\u2022&nbsp;<strong>Pawe\u0142 Witkowski&nbsp;<\/strong>\u2013 kurator MCSW \u201eElektrownia\u201d<br>\u2022&nbsp;<strong>Jaros\u0142aw Olszewski<\/strong>&nbsp;\u2013 Prezes Fundacji Work &amp; Science<\/p>\n\n\n\n<figure class=\"wp-block-image size-large\"><img loading=\"lazy\" decoding=\"async\" width=\"1024\" height=\"441\" src=\"https:\/\/artnoble.pl\/wp-content\/uploads\/2025\/09\/artNoble-006-1-1024x441.jpg\" alt=\"\" class=\"wp-image-169\" srcset=\"https:\/\/artnoble.pl\/wp-content\/uploads\/2025\/09\/artNoble-006-1-1024x441.jpg 1024w, https:\/\/artnoble.pl\/wp-content\/uploads\/2025\/09\/artNoble-006-1-300x129.jpg 300w, https:\/\/artnoble.pl\/wp-content\/uploads\/2025\/09\/artNoble-006-1-768x331.jpg 768w, https:\/\/artnoble.pl\/wp-content\/uploads\/2025\/09\/artNoble-006-1-1536x661.jpg 1536w, https:\/\/artnoble.pl\/wp-content\/uploads\/2025\/09\/artNoble-006-1-2048x882.jpg 2048w\" sizes=\"auto, (max-width: 1024px) 100vw, 1024px\" \/><\/figure>\n\n\n\n<figure class=\"wp-block-image size-large\"><img loading=\"lazy\" decoding=\"async\" width=\"1024\" height=\"441\" src=\"https:\/\/artnoble.pl\/wp-content\/uploads\/2025\/09\/artNoble-008-1024x441.jpg\" alt=\"\" class=\"wp-image-171\" srcset=\"https:\/\/artnoble.pl\/wp-content\/uploads\/2025\/09\/artNoble-008-1024x441.jpg 1024w, https:\/\/artnoble.pl\/wp-content\/uploads\/2025\/09\/artNoble-008-300x129.jpg 300w, https:\/\/artnoble.pl\/wp-content\/uploads\/2025\/09\/artNoble-008-768x331.jpg 768w, https:\/\/artnoble.pl\/wp-content\/uploads\/2025\/09\/artNoble-008-1536x661.jpg 1536w, https:\/\/artnoble.pl\/wp-content\/uploads\/2025\/09\/artNoble-008-2048x882.jpg 2048w\" sizes=\"auto, (max-width: 1024px) 100vw, 1024px\" \/><\/figure>\n\n\n\n<figure class=\"wp-block-image size-large\"><img loading=\"lazy\" decoding=\"async\" width=\"1024\" height=\"441\" src=\"https:\/\/artnoble.pl\/wp-content\/uploads\/2025\/09\/artNoble-009-1024x441.jpg\" alt=\"\" class=\"wp-image-172\" srcset=\"https:\/\/artnoble.pl\/wp-content\/uploads\/2025\/09\/artNoble-009-1024x441.jpg 1024w, https:\/\/artnoble.pl\/wp-content\/uploads\/2025\/09\/artNoble-009-300x129.jpg 300w, https:\/\/artnoble.pl\/wp-content\/uploads\/2025\/09\/artNoble-009-768x331.jpg 768w, https:\/\/artnoble.pl\/wp-content\/uploads\/2025\/09\/artNoble-009-1536x661.jpg 1536w, https:\/\/artnoble.pl\/wp-content\/uploads\/2025\/09\/artNoble-009-2048x882.jpg 2048w\" sizes=\"auto, (max-width: 1024px) 100vw, 1024px\" \/><\/figure>\n\n\n\n<figure class=\"wp-block-image size-large\"><img loading=\"lazy\" decoding=\"async\" width=\"1024\" height=\"441\" src=\"https:\/\/artnoble.pl\/wp-content\/uploads\/2025\/09\/artNoble-010-1024x441.jpg\" alt=\"\" class=\"wp-image-173\" srcset=\"https:\/\/artnoble.pl\/wp-content\/uploads\/2025\/09\/artNoble-010-1024x441.jpg 1024w, https:\/\/artnoble.pl\/wp-content\/uploads\/2025\/09\/artNoble-010-300x129.jpg 300w, https:\/\/artnoble.pl\/wp-content\/uploads\/2025\/09\/artNoble-010-768x331.jpg 768w, https:\/\/artnoble.pl\/wp-content\/uploads\/2025\/09\/artNoble-010-1536x661.jpg 1536w, https:\/\/artnoble.pl\/wp-content\/uploads\/2025\/09\/artNoble-010-2048x882.jpg 2048w\" sizes=\"auto, (max-width: 1024px) 100vw, 1024px\" \/><\/figure>\n\n\n\n<p class=\"has-text-align-center has-medium-font-size\"><strong>Godz. 19:00<\/strong><\/p>\n\n\n\n<p class=\"has-text-align-center has-small-font-size\"><strong>Otwarcie wystawy:<\/strong><br><em>\u201e\u015awi\u0119ta Rodzina. Apokryficzne ideogramy\u201d<\/em>&nbsp;\u2013&nbsp;<strong>Artur Krajewski<\/strong><\/p>\n\n\n\n<figure class=\"wp-block-image size-large\"><img loading=\"lazy\" decoding=\"async\" width=\"1024\" height=\"441\" src=\"https:\/\/artnoble.pl\/wp-content\/uploads\/2025\/09\/artNoble-011-1024x441.jpg\" alt=\"\" class=\"wp-image-174\" srcset=\"https:\/\/artnoble.pl\/wp-content\/uploads\/2025\/09\/artNoble-011-1024x441.jpg 1024w, https:\/\/artnoble.pl\/wp-content\/uploads\/2025\/09\/artNoble-011-300x129.jpg 300w, https:\/\/artnoble.pl\/wp-content\/uploads\/2025\/09\/artNoble-011-768x331.jpg 768w, https:\/\/artnoble.pl\/wp-content\/uploads\/2025\/09\/artNoble-011-1536x661.jpg 1536w, https:\/\/artnoble.pl\/wp-content\/uploads\/2025\/09\/artNoble-011-2048x882.jpg 2048w\" sizes=\"auto, (max-width: 1024px) 100vw, 1024px\" \/><\/figure>\n\n\n\n<figure class=\"wp-block-image size-large\"><img loading=\"lazy\" decoding=\"async\" width=\"1024\" height=\"441\" src=\"https:\/\/artnoble.pl\/wp-content\/uploads\/2025\/09\/artNoble-012-1024x441.jpg\" alt=\"\" class=\"wp-image-175\" srcset=\"https:\/\/artnoble.pl\/wp-content\/uploads\/2025\/09\/artNoble-012-1024x441.jpg 1024w, https:\/\/artnoble.pl\/wp-content\/uploads\/2025\/09\/artNoble-012-300x129.jpg 300w, https:\/\/artnoble.pl\/wp-content\/uploads\/2025\/09\/artNoble-012-768x331.jpg 768w, https:\/\/artnoble.pl\/wp-content\/uploads\/2025\/09\/artNoble-012-1536x661.jpg 1536w, https:\/\/artnoble.pl\/wp-content\/uploads\/2025\/09\/artNoble-012-2048x882.jpg 2048w\" sizes=\"auto, (max-width: 1024px) 100vw, 1024px\" \/><\/figure>\n\n\n\n<p class=\"has-text-align-center has-pale-pink-background-color has-background has-medium-font-size\"><strong>Godz. 20:00<\/strong><br><strong>Uroczysta Gala artNOBLE 2025<\/strong><\/p>\n\n\n\n<figure class=\"wp-block-image size-large\"><img loading=\"lazy\" decoding=\"async\" width=\"1024\" height=\"441\" src=\"https:\/\/artnoble.pl\/wp-content\/uploads\/2025\/09\/artNoble-013-1024x441.jpg\" alt=\"\" class=\"wp-image-177\" srcset=\"https:\/\/artnoble.pl\/wp-content\/uploads\/2025\/09\/artNoble-013-1024x441.jpg 1024w, https:\/\/artnoble.pl\/wp-content\/uploads\/2025\/09\/artNoble-013-300x129.jpg 300w, https:\/\/artnoble.pl\/wp-content\/uploads\/2025\/09\/artNoble-013-768x331.jpg 768w, https:\/\/artnoble.pl\/wp-content\/uploads\/2025\/09\/artNoble-013-1536x661.jpg 1536w, https:\/\/artnoble.pl\/wp-content\/uploads\/2025\/09\/artNoble-013-2048x882.jpg 2048w\" sizes=\"auto, (max-width: 1024px) 100vw, 1024px\" \/><\/figure>\n\n\n\n<figure class=\"wp-block-image size-large\"><img loading=\"lazy\" decoding=\"async\" width=\"1024\" height=\"441\" src=\"https:\/\/artnoble.pl\/wp-content\/uploads\/2025\/09\/artNoble-014-1024x441.jpg\" alt=\"\" class=\"wp-image-178\" srcset=\"https:\/\/artnoble.pl\/wp-content\/uploads\/2025\/09\/artNoble-014-1024x441.jpg 1024w, https:\/\/artnoble.pl\/wp-content\/uploads\/2025\/09\/artNoble-014-300x129.jpg 300w, https:\/\/artnoble.pl\/wp-content\/uploads\/2025\/09\/artNoble-014-768x331.jpg 768w, https:\/\/artnoble.pl\/wp-content\/uploads\/2025\/09\/artNoble-014-1536x661.jpg 1536w, https:\/\/artnoble.pl\/wp-content\/uploads\/2025\/09\/artNoble-014-2048x882.jpg 2048w\" sizes=\"auto, (max-width: 1024px) 100vw, 1024px\" \/><\/figure>\n\n\n\n<p class=\"has-text-align-center has-small-font-size\"><strong>Gospodarze Gali:<\/strong><br>\u2022<strong>&nbsp;dr Mi\u0142osz Bembinow<\/strong>&nbsp;\u2013 Przewodnicz\u0105cy Zarz\u0105du Stowarzyszenia Autor\u00f3w ZAiKS<br>\u2022&nbsp;<strong>Wioletta Kotkowska<\/strong>&nbsp;\u2013 p.o. Dyrektora MCSW \u201eElektrownia\u201d<br>\u2022&nbsp;<strong>prof. Jan Tutaj&nbsp;<\/strong>\u2013 Przewodnicz\u0105cy Kurator\u00f3w Konkursu artNOBLE, ASP w Krakowie<br>\u2022<strong>&nbsp;Marta Ewa Olbry\u015b<\/strong>&nbsp;\u2013 Prezeska Fundacji artHOLDING, Sekretarz Konkursu<\/p>\n\n\n\n<figure class=\"wp-block-image size-large\"><img loading=\"lazy\" decoding=\"async\" width=\"1024\" height=\"441\" src=\"https:\/\/artnoble.pl\/wp-content\/uploads\/2025\/09\/artNoble-015-1024x441.jpg\" alt=\"\" class=\"wp-image-179\" srcset=\"https:\/\/artnoble.pl\/wp-content\/uploads\/2025\/09\/artNoble-015-1024x441.jpg 1024w, https:\/\/artnoble.pl\/wp-content\/uploads\/2025\/09\/artNoble-015-300x129.jpg 300w, https:\/\/artnoble.pl\/wp-content\/uploads\/2025\/09\/artNoble-015-768x331.jpg 768w, https:\/\/artnoble.pl\/wp-content\/uploads\/2025\/09\/artNoble-015-1536x661.jpg 1536w, https:\/\/artnoble.pl\/wp-content\/uploads\/2025\/09\/artNoble-015-2048x882.jpg 2048w\" sizes=\"auto, (max-width: 1024px) 100vw, 1024px\" \/><\/figure>\n\n\n\n<p class=\"has-vivid-red-color has-text-color has-link-color has-medium-font-size wp-elements-0b304f93f20e40412c18d741dff8f135\"><strong>Laureatk\u0105 zosta\u0142a Julia Marchlewska<\/strong> z Akademii Sztuk Pi\u0119knych w Gda\u0144sku. <\/p>\n\n\n\n<p class=\"has-small-font-size\">Otrzyma\u0142a g\u0142\u00f3wn\u0105 statuetk\u0119 <strong>\u201e1art\u201d<\/strong> oraz indywidualn\u0105 wystaw\u0119 w MCSW \u201eElektrownia\u201d w 2026 roku. Jej nagrodzony dyplom <strong>\u201eMartwa natura. Reinterpretacje\u201d<\/strong> powsta\u0142 pod kierunkiem <strong>prof. dr. hab. Macieja \u015awieszewskiego<\/strong>.<\/p>\n\n\n\n<p class=\"has-vivid-red-color has-text-color has-link-color has-medium-font-size wp-elements-eefbe4bb55509a14c3fa89d74412f08e\">Ma\u0142\u0105 statuetk\u0119, przeznaczon\u0105 dla uczelni, odebra\u0142 <strong>Rektor ASP w Gda\u0144sku<\/strong>.<\/p>\n\n\n\n<p class=\"has-small-font-size\"><strong>Wyr\u00f3\u017cnienia otrzymali:<\/strong><\/p>\n\n\n\n<ul class=\"wp-block-list\">\n<li class=\"has-vivid-red-color has-text-color has-link-color has-small-font-size wp-elements-876220f07d7b9a37146544b34c3d18a5\"><strong>Andrzej Staniek<\/strong> (Uniwersytet Artystyczny im. Magdaleny Abakanowicz w Poznaniu), za dyplom <strong>\u201eCoctail Creatures\u201d<\/strong> (promotor: dr Mateusz Sadowski),<\/li>\n\n\n\n<li class=\"has-vivid-red-color has-text-color has-link-color has-small-font-size wp-elements-2f2aabca35aac97214d04ceffdbcdaac\"><strong>Julia Szymczykowska<\/strong> (ASP im. Jana Matejki w Krakowie), za dyplom <strong>\u201eTrzymaj g\u0142ow\u0119 nad wod\u0105\u201d<\/strong> (promotor: prof. dr hab. Witold Stelmachniewicz).<\/li>\n<\/ul>\n\n\n\n<p class=\"has-small-font-size\">Wszyscy nagrodzeni otrzymali okoliczno\u015bciow\u0105 <strong>nagrod\u0119 finansow\u0105<\/strong> ufundowan\u0105 przez <strong>Ministerstwo Kultury i Dziedzictwa Narodowego<\/strong>.<\/p>\n\n\n\n<figure class=\"wp-block-image size-large\"><img loading=\"lazy\" decoding=\"async\" width=\"1024\" height=\"441\" src=\"https:\/\/artnoble.pl\/wp-content\/uploads\/2025\/09\/artNoble-016-1024x441.jpg\" alt=\"\" class=\"wp-image-180\" srcset=\"https:\/\/artnoble.pl\/wp-content\/uploads\/2025\/09\/artNoble-016-1024x441.jpg 1024w, https:\/\/artnoble.pl\/wp-content\/uploads\/2025\/09\/artNoble-016-300x129.jpg 300w, https:\/\/artnoble.pl\/wp-content\/uploads\/2025\/09\/artNoble-016-768x331.jpg 768w, https:\/\/artnoble.pl\/wp-content\/uploads\/2025\/09\/artNoble-016-1536x661.jpg 1536w, https:\/\/artnoble.pl\/wp-content\/uploads\/2025\/09\/artNoble-016-2048x882.jpg 2048w\" sizes=\"auto, (max-width: 1024px) 100vw, 1024px\" \/><\/figure>\n\n\n\n<p class=\"has-text-align-center has-medium-font-size\"><strong>Godz. 20:30<\/strong><\/p>\n\n\n\n<figure class=\"wp-block-image size-large\"><img loading=\"lazy\" decoding=\"async\" width=\"1024\" height=\"441\" src=\"https:\/\/artnoble.pl\/wp-content\/uploads\/2025\/09\/artNoble-017-1024x441.jpg\" alt=\"\" class=\"wp-image-181\" srcset=\"https:\/\/artnoble.pl\/wp-content\/uploads\/2025\/09\/artNoble-017-1024x441.jpg 1024w, https:\/\/artnoble.pl\/wp-content\/uploads\/2025\/09\/artNoble-017-300x129.jpg 300w, https:\/\/artnoble.pl\/wp-content\/uploads\/2025\/09\/artNoble-017-768x331.jpg 768w, https:\/\/artnoble.pl\/wp-content\/uploads\/2025\/09\/artNoble-017-1536x661.jpg 1536w, https:\/\/artnoble.pl\/wp-content\/uploads\/2025\/09\/artNoble-017-2048x882.jpg 2048w\" sizes=\"auto, (max-width: 1024px) 100vw, 1024px\" \/><\/figure>\n\n\n\n<p class=\"has-text-align-center has-small-font-size\"><strong>Koncert \u201eM\u0142odzi dla Sztuki\u201d<\/strong><br>Wyst\u0105pi\u0105:<br>\u2022&nbsp;<strong>Szymon \u015awierzewski&nbsp;<\/strong>\u2013 akordeon (Uniwersytet Muzyczny Fryderyka Chopina)<br>\u2022&nbsp;<strong>Micha\u0142 Szyma\u0144ski&nbsp;<\/strong>\u2013 flet (Uniwersytet Muzyczny Fryderyka Chopina)<\/p>\n\n\n\n<figure class=\"wp-block-video\"><video height=\"1080\" style=\"aspect-ratio: 1920 \/ 1080;\" width=\"1920\" controls src=\"https:\/\/artnoble.pl\/wp-content\/uploads\/2025\/09\/artNOBLEr9-1.mp4\"><\/video><\/figure>\n\n\n\n<p class=\"has-text-align-center has-small-font-size\">\u2022 Realizacja video: Jakub Czyszewicz  \u2022  Asystentka realizacji: Martyna Ponichtera <br>\u2022 Muzyka: Szymon \u015awierzewski (akordeon); Micha\u0142 Szyma\u0144ski (flet)<br>\u2022 Fotografie na stronie: Tomasz Truszkowski<\/p>\n","protected":false},"excerpt":{"rendered":"<p>To ju\u017c 14. edycja artNoble 2025\u2013 NAGRODY ROZDANE{!!!} W pi\u0105tek, 12 wrze\u015bnia, w Mazowieckim Centrum Sztuki Wsp\u00f3\u0142czesnej \u201eElektrownia\u201d w Radomiu odby\u0142a si\u0119 14. edycja Edukacyjnego Festiwalu Sztuki artNoble 2025. To wydarzenie po\u015bwi\u0119cone jest promocji najzdolniejszych absolwent\u00f3w publicznych uczelni artystycznych w Polsce. Zg\u0142oszone dyplomy to nie tylko efekt ko\u0144cowy edukacji, ale przede wszystkim profesjonalny poziom m\u0142odej [&hellip;]<\/p>\n","protected":false},"author":3,"featured_media":0,"parent":0,"menu_order":0,"comment_status":"closed","ping_status":"closed","template":"","meta":{"footnotes":""},"class_list":["post-140","page","type-page","status-publish","hentry"],"_links":{"self":[{"href":"https:\/\/artnoble.pl\/index.php?rest_route=\/wp\/v2\/pages\/140","targetHints":{"allow":["GET"]}}],"collection":[{"href":"https:\/\/artnoble.pl\/index.php?rest_route=\/wp\/v2\/pages"}],"about":[{"href":"https:\/\/artnoble.pl\/index.php?rest_route=\/wp\/v2\/types\/page"}],"author":[{"embeddable":true,"href":"https:\/\/artnoble.pl\/index.php?rest_route=\/wp\/v2\/users\/3"}],"replies":[{"embeddable":true,"href":"https:\/\/artnoble.pl\/index.php?rest_route=%2Fwp%2Fv2%2Fcomments&post=140"}],"version-history":[{"count":13,"href":"https:\/\/artnoble.pl\/index.php?rest_route=\/wp\/v2\/pages\/140\/revisions"}],"predecessor-version":[{"id":187,"href":"https:\/\/artnoble.pl\/index.php?rest_route=\/wp\/v2\/pages\/140\/revisions\/187"}],"wp:attachment":[{"href":"https:\/\/artnoble.pl\/index.php?rest_route=%2Fwp%2Fv2%2Fmedia&parent=140"}],"curies":[{"name":"wp","href":"https:\/\/api.w.org\/{rel}","templated":true}]}}