{"id":11,"date":"2025-08-07T15:04:24","date_gmt":"2025-08-07T13:04:24","guid":{"rendered":"https:\/\/artnoble.pl\/?page_id=11"},"modified":"2025-08-26T16:07:02","modified_gmt":"2025-08-26T14:07:02","slug":"o-nas","status":"publish","type":"page","link":"https:\/\/artnoble.pl\/?page_id=11","title":{"rendered":"O nas"},"content":{"rendered":"\n<figure class=\"wp-block-image size-large\"><img loading=\"lazy\" decoding=\"async\" width=\"1024\" height=\"441\" src=\"https:\/\/artnoble.pl\/wp-content\/uploads\/2025\/08\/www_artNoble_004-1024x441.jpg\" alt=\"\" class=\"wp-image-67\" srcset=\"https:\/\/artnoble.pl\/wp-content\/uploads\/2025\/08\/www_artNoble_004-1024x441.jpg 1024w, https:\/\/artnoble.pl\/wp-content\/uploads\/2025\/08\/www_artNoble_004-300x129.jpg 300w, https:\/\/artnoble.pl\/wp-content\/uploads\/2025\/08\/www_artNoble_004-768x331.jpg 768w, https:\/\/artnoble.pl\/wp-content\/uploads\/2025\/08\/www_artNoble_004-1536x662.jpg 1536w, https:\/\/artnoble.pl\/wp-content\/uploads\/2025\/08\/www_artNoble_004-2048x883.jpg 2048w\" sizes=\"auto, (max-width: 1024px) 100vw, 1024px\" \/><\/figure>\n\n\n\n<div class=\"wp-block-columns is-layout-flex wp-container-core-columns-is-layout-28f84493 wp-block-columns-is-layout-flex\">\n<div class=\"wp-block-column is-layout-flow wp-block-column-is-layout-flow\">\n<p class=\"has-small-font-size\"><strong>Edukacyjny Festiwal Sztuki artNOBLE<\/strong> organizowany jest przez <strong>Mazowieckie Centrum Sztuki Wsp\u00f3\u0142czesnej \u201eElektrownia\u201d w Radomiu<\/strong> we wsp\u00f3\u0142pracy z <strong>Fundacj\u0105 Kultury i Sztuki artHolding.<\/strong><br>Festiwal tradycyjnie odbywa si\u0119 we wrze\u015bniu \u2013 nieprzerwanie od 12 lat \u2013 i \u015bci\u015ble wsp\u00f3\u0142pracuje z <strong>Interdyscyplinarnym Festiwalem Sztuk Miasto Gwiazd w \u017byrardowie.<\/strong><\/p>\n\n\n\n<p class=\"has-small-font-size\"><\/p>\n\n\n\n<p class=\"has-small-font-size\"><\/p>\n\n\n\n<p class=\"has-small-font-size\"><\/p>\n\n\n\n<p class=\"has-small-font-size\"><\/p>\n<\/div>\n\n\n\n<div class=\"wp-block-column is-layout-flow wp-block-column-is-layout-flow\">\n<p class=\"has-small-font-size\">Kuratorem artystycznym Festiwalu jest <strong>prof. Artur Krajewski <\/strong>(ASP w Warszawie), natomiast przewodnicz\u0105cym zespo\u0142u kurator\u00f3w konkursu \u2013 <strong>prof. Jan Tutaj <\/strong>(ASP w Krakowie).<br><strong>Jury konkursu<\/strong> tworzy ponad 50-osobowe grono ekspert\u00f3w, profesor\u00f3w i przedstawicieli \u015brodowisk artystycznych zaproszonych do Komitetu Honorowego. Ich wiedza, do\u015bwiadczenie i dorobek artystyczny daj\u0105 im mandat do rzetelnego i merytorycznego oddania g\u0142osu na nominowanych kandydat\u00f3w.<\/p>\n\n\n\n<p class=\"has-vivid-red-color has-text-color has-link-color has-medium-font-size wp-elements-ab4f4887dc46a27237350f94e2c2ff09\">Wyniki g\u0142osowania jury og\u0142aszane s\u0105 publicznie podczas Festiwalu<strong>.<\/strong><\/p>\n\n\n\n<p class=\"has-small-font-size\"><strong>Mazowieckie Centrum Sztuki Wsp\u00f3\u0142czesnej \u201eElektrownia\u201d w Radomiu<\/strong> to jedno z najwa\u017cniejszych miejsc w Polsce zwi\u0105zanych z wystawiennictwem, kuratorstwem i edukacj\u0105 w obszarze sztuki wsp\u00f3\u0142czesnej. Poprzez <strong>konkurs artNoble<\/strong> oraz <strong>Edukacyjny Festiwal Sztuki<\/strong> instytucja ta aktywnie wp\u0142ywa na rozw\u00f3j artystycznego szkolnictwa wy\u017cszego w Polsce, wpisuj\u0105c si\u0119 r\u00f3wnie\u017c w ide\u0119 mecenatu nad sztuk\u0105 i wspierania najwybitniejszych m\u0142odych talent\u00f3w opuszczaj\u0105cych mury uczelni.<\/p>\n\n\n\n<p class=\"has-small-font-size\">Konkurs opiera si\u0119 na pracach dyplomowych rekomendowanych przez kurator\u00f3w reprezentuj\u0105cych publiczne uczelnie artystyczne w Polsce.<\/p>\n\n\n\n<p class=\"has-small-font-size\"><a href=\"http:\/\/www.mcswelektrownia.pl\/\"><strong>www.mcswelektrownia.pl<\/strong><\/a><\/p>\n<\/div>\n<\/div>\n\n\n\n<figure class=\"wp-block-image size-large\"><img loading=\"lazy\" decoding=\"async\" width=\"1024\" height=\"265\" src=\"https:\/\/artnoble.pl\/wp-content\/uploads\/2025\/08\/www_artNoble_007-1024x265.jpg\" alt=\"\" class=\"wp-image-70\" srcset=\"https:\/\/artnoble.pl\/wp-content\/uploads\/2025\/08\/www_artNoble_007-1024x265.jpg 1024w, https:\/\/artnoble.pl\/wp-content\/uploads\/2025\/08\/www_artNoble_007-300x78.jpg 300w, https:\/\/artnoble.pl\/wp-content\/uploads\/2025\/08\/www_artNoble_007-768x199.jpg 768w, https:\/\/artnoble.pl\/wp-content\/uploads\/2025\/08\/www_artNoble_007-1536x398.jpg 1536w, https:\/\/artnoble.pl\/wp-content\/uploads\/2025\/08\/www_artNoble_007-2048x531.jpg 2048w\" sizes=\"auto, (max-width: 1024px) 100vw, 1024px\" \/><\/figure>\n\n\n\n<figure class=\"wp-block-image size-large\"><img loading=\"lazy\" decoding=\"async\" width=\"1024\" height=\"441\" src=\"https:\/\/artnoble.pl\/wp-content\/uploads\/2025\/08\/www_artNoble_005-1024x441.jpg\" alt=\"\" class=\"wp-image-71\" srcset=\"https:\/\/artnoble.pl\/wp-content\/uploads\/2025\/08\/www_artNoble_005-1024x441.jpg 1024w, https:\/\/artnoble.pl\/wp-content\/uploads\/2025\/08\/www_artNoble_005-300x129.jpg 300w, https:\/\/artnoble.pl\/wp-content\/uploads\/2025\/08\/www_artNoble_005-768x331.jpg 768w, https:\/\/artnoble.pl\/wp-content\/uploads\/2025\/08\/www_artNoble_005-1536x662.jpg 1536w, https:\/\/artnoble.pl\/wp-content\/uploads\/2025\/08\/www_artNoble_005-2048x883.jpg 2048w\" sizes=\"auto, (max-width: 1024px) 100vw, 1024px\" \/><\/figure>\n\n\n\n<div class=\"wp-block-columns is-layout-flex wp-container-core-columns-is-layout-28f84493 wp-block-columns-is-layout-flex\">\n<div class=\"wp-block-column is-layout-flow wp-block-column-is-layout-flow\">\n<p class=\"has-small-font-size\"><strong>Nad konkursem artNOBLE<\/strong>, organizowanym w ramach <strong>Edukacyjnego Festiwalu Sztuki artNOBLE<\/strong>, czuwaj\u0105 specjalnie powo\u0142ani kuratorzy \u2013 profesorowie z publicznych uczelni artystycznych. To oni nominuj\u0105 po trzy wybrane przez siebie, najlepsze i aktualne dyplomy z dziedziny sztuk wizualnych.<\/p>\n<\/div>\n\n\n\n<div class=\"wp-block-column is-layout-flow wp-block-column-is-layout-flow\">\n<p>Kuratorzy konkursu artNOBLE \u2013 Plastyka<\/p>\n\n\n\n<div class=\"wp-block-media-text is-stacked-on-mobile is-vertically-aligned-center\" style=\"grid-template-columns:30% auto\"><figure class=\"wp-block-media-text__media\"><img loading=\"lazy\" decoding=\"async\" width=\"457\" height=\"483\" src=\"https:\/\/artnoble.pl\/wp-content\/uploads\/2025\/08\/Tutaj.png\" alt=\"\" class=\"wp-image-46 size-full\" srcset=\"https:\/\/artnoble.pl\/wp-content\/uploads\/2025\/08\/Tutaj.png 457w, https:\/\/artnoble.pl\/wp-content\/uploads\/2025\/08\/Tutaj-284x300.png 284w\" sizes=\"auto, (max-width: 457px) 100vw, 457px\" \/><\/figure><div class=\"wp-block-media-text__content\">\n<p class=\"has-small-font-size\"><strong>prof. Jan Tutaj<\/strong><br>przewodnicz\u0105cy kurator\u00f3w konkursu artNOBLE Plastyka, ASP w Krakowie<\/p>\n<\/div><\/div>\n\n\n\n<div class=\"wp-block-media-text is-stacked-on-mobile\" style=\"grid-template-columns:30% auto\"><figure class=\"wp-block-media-text__media\"><img loading=\"lazy\" decoding=\"async\" width=\"457\" height=\"483\" src=\"https:\/\/artnoble.pl\/wp-content\/uploads\/2025\/08\/zdybel.png\" alt=\"\" class=\"wp-image-47 size-full\" srcset=\"https:\/\/artnoble.pl\/wp-content\/uploads\/2025\/08\/zdybel.png 457w, https:\/\/artnoble.pl\/wp-content\/uploads\/2025\/08\/zdybel-284x300.png 284w\" sizes=\"auto, (max-width: 457px) 100vw, 457px\" \/><\/figure><div class=\"wp-block-media-text__content\">\n<p class=\"has-small-font-size\"><strong>prof. Jacek Zdybel<\/strong><br>ASP w Gda\u0144sku<\/p>\n<\/div><\/div>\n\n\n\n<div class=\"wp-block-media-text is-stacked-on-mobile\" style=\"grid-template-columns:30% auto\"><figure class=\"wp-block-media-text__media\"><img loading=\"lazy\" decoding=\"async\" width=\"457\" height=\"483\" src=\"https:\/\/artnoble.pl\/wp-content\/uploads\/2025\/08\/Staszewski.png\" alt=\"\" class=\"wp-image-49 size-full\" srcset=\"https:\/\/artnoble.pl\/wp-content\/uploads\/2025\/08\/Staszewski.png 457w, https:\/\/artnoble.pl\/wp-content\/uploads\/2025\/08\/Staszewski-284x300.png 284w\" sizes=\"auto, (max-width: 457px) 100vw, 457px\" \/><\/figure><div class=\"wp-block-media-text__content\">\n<p class=\"has-small-font-size\"><strong>prof. Jacek Staszewski<br><\/strong>ASP w Warszawie<\/p>\n<\/div><\/div>\n\n\n\n<div class=\"wp-block-media-text is-stacked-on-mobile\" style=\"grid-template-columns:29% auto\"><figure class=\"wp-block-media-text__media\"><img loading=\"lazy\" decoding=\"async\" width=\"457\" height=\"483\" src=\"https:\/\/artnoble.pl\/wp-content\/uploads\/2025\/08\/Karczewski.png\" alt=\"\" class=\"wp-image-51 size-full\" srcset=\"https:\/\/artnoble.pl\/wp-content\/uploads\/2025\/08\/Karczewski.png 457w, https:\/\/artnoble.pl\/wp-content\/uploads\/2025\/08\/Karczewski-284x300.png 284w\" sizes=\"auto, (max-width: 457px) 100vw, 457px\" \/><\/figure><div class=\"wp-block-media-text__content\">\n<p class=\"has-small-font-size\"><strong>prof. Piotr Karczewski<\/strong><br>ASP w \u0141odzi<\/p>\n<\/div><\/div>\n\n\n\n<div class=\"wp-block-media-text is-stacked-on-mobile\" style=\"grid-template-columns:30% auto\"><figure class=\"wp-block-media-text__media\"><img loading=\"lazy\" decoding=\"async\" width=\"457\" height=\"483\" src=\"https:\/\/artnoble.pl\/wp-content\/uploads\/2025\/08\/Kuczma.png\" alt=\"\" class=\"wp-image-52 size-full\" srcset=\"https:\/\/artnoble.pl\/wp-content\/uploads\/2025\/08\/Kuczma.png 457w, https:\/\/artnoble.pl\/wp-content\/uploads\/2025\/08\/Kuczma-284x300.png 284w\" sizes=\"auto, (max-width: 457px) 100vw, 457px\" \/><\/figure><div class=\"wp-block-media-text__content\">\n<p class=\"has-small-font-size\"><strong>prof. Marian Waldemar Kuczma<\/strong><br>ASP we Wroc\u0142awiu<\/p>\n<\/div><\/div>\n\n\n\n<div class=\"wp-block-media-text is-stacked-on-mobile\" style=\"grid-template-columns:32% auto\"><figure class=\"wp-block-media-text__media\"><img loading=\"lazy\" decoding=\"async\" width=\"457\" height=\"483\" src=\"https:\/\/artnoble.pl\/wp-content\/uploads\/2025\/08\/Minor.png\" alt=\"\" class=\"wp-image-54 size-full\" srcset=\"https:\/\/artnoble.pl\/wp-content\/uploads\/2025\/08\/Minor.png 457w, https:\/\/artnoble.pl\/wp-content\/uploads\/2025\/08\/Minor-284x300.png 284w\" sizes=\"auto, (max-width: 457px) 100vw, 457px\" \/><\/figure><div class=\"wp-block-media-text__content\">\n<p class=\"has-small-font-size\"><strong>prof. Micha\u0142 Minor<\/strong><br>ASP w Katowicach<\/p>\n<\/div><\/div>\n\n\n\n<div class=\"wp-block-media-text is-stacked-on-mobile\" style=\"grid-template-columns:32% auto\"><figure class=\"wp-block-media-text__media\"><img loading=\"lazy\" decoding=\"async\" width=\"457\" height=\"483\" src=\"https:\/\/artnoble.pl\/wp-content\/uploads\/2025\/08\/Bogucki.png\" alt=\"\" class=\"wp-image-55 size-full\" srcset=\"https:\/\/artnoble.pl\/wp-content\/uploads\/2025\/08\/Bogucki.png 457w, https:\/\/artnoble.pl\/wp-content\/uploads\/2025\/08\/Bogucki-284x300.png 284w\" sizes=\"auto, (max-width: 457px) 100vw, 457px\" \/><\/figure><div class=\"wp-block-media-text__content\">\n<p class=\"has-small-font-size\"><strong>dr hab. Jaros\u0142aw Bogucki<\/strong>, prof. UA<br>Uniwersytet Artystyczny<\/p>\n<\/div><\/div>\n<\/div>\n<\/div>\n\n\n\n<p class=\"has-text-align-left has-medium-font-size\"><strong>Komitety Honorowe<\/strong><\/p>\n\n\n\n<figure class=\"wp-block-image size-large\"><img loading=\"lazy\" decoding=\"async\" width=\"1024\" height=\"441\" src=\"https:\/\/artnoble.pl\/wp-content\/uploads\/2025\/08\/www_artNoble_003_2_11zon-1024x441.jpg\" alt=\"\" class=\"wp-image-25\" srcset=\"https:\/\/artnoble.pl\/wp-content\/uploads\/2025\/08\/www_artNoble_003_2_11zon-1024x441.jpg 1024w, https:\/\/artnoble.pl\/wp-content\/uploads\/2025\/08\/www_artNoble_003_2_11zon-300x129.jpg 300w, https:\/\/artnoble.pl\/wp-content\/uploads\/2025\/08\/www_artNoble_003_2_11zon-768x331.jpg 768w, https:\/\/artnoble.pl\/wp-content\/uploads\/2025\/08\/www_artNoble_003_2_11zon-1536x662.jpg 1536w, https:\/\/artnoble.pl\/wp-content\/uploads\/2025\/08\/www_artNoble_003_2_11zon-2048x883.jpg 2048w\" sizes=\"auto, (max-width: 1024px) 100vw, 1024px\" \/><\/figure>\n\n\n\n<div class=\"wp-block-columns is-layout-flex wp-container-core-columns-is-layout-28f84493 wp-block-columns-is-layout-flex\">\n<div class=\"wp-block-column is-layout-flow wp-block-column-is-layout-flow\">\n<p class=\"has-small-font-size\"><strong>Edukacyjny Festiwal Sztuki artNOBLE <\/strong>to inicjatywa, dzi\u0119ki kt\u00f3rej poruszane s\u0105 istotne tematy zwi\u0105zane z warto\u015bci\u0105 edukacji artystycznej oraz potrzebami Polski, Europy i \u015bwiata w tym zakresie. M\u00f3wi si\u0119 tu r\u00f3wnie\u017c o stereotypach dotycz\u0105cych podzia\u0142u na sztuk\u0119 \u201enisk\u0105\u201d i \u201ewysok\u0105\u201d.<br>Podczas Festiwalu odbywaj\u0105 si\u0119 tradycyjnie dwie debaty rektorsko-profesorskie, na kt\u00f3re zapraszani s\u0105 eksperci, profesorowie i rektorzy z ca\u0142ego kraju. Rozmowy i wyst\u0105pienia cz\u0119sto przebiegaj\u0105 w atmosferze artystycznego happeningu, a ich tematyka s\u0142u\u017cy promowaniu aktywno\u015bci tw\u00f3rczej i zach\u0119ca do podejmowania dzia\u0142a\u0144 w obszarze sztuki.<br>Festiwal rozwija kompetencje w zakresie animacji<br>kultury i zarz\u0105dzania szeroko poj\u0119t\u0105 kultur\u0105. Uczy<br>r\u00f3wnie\u017c, jak zarabia\u0107 na sztuce, porusza zagadnienia nowoczesnych technologii, a tak\u017ce analizuje wp\u0142yw sztucznej inteligencji na tw\u00f3rczo\u015b\u0107 i kreowanie wydarze\u0144 artystycznych.<\/p>\n\n\n\n<p class=\"has-small-font-size\"><strong> Komitet Honorowy:<\/strong><\/p>\n\n\n\n<p class=\"has-small-font-size\">\u2022 <strong>Bo\u017cena \u017belazowska<\/strong> \u2013 Pose\u0142 na Sejm RP, Sekretarz Stanu w Ministerstwie Kultury i Dziedzictwa Narodowego, Generalna Konserwator Zabytk\u00f3w<br>\u2022 <strong>Adam Struzik<\/strong> \u2013 Marsza\u0142ek Wojew\u00f3dztwa Mazowieckiego<br>\u2022 <strong>Agnieszka Wyrwa\u0142<\/strong> \u2013 Przewodnicz\u0105ca Komisji Kultury i Promocji m.st. Warszawy<br>\u2022 <strong>prof. B\u0142a\u017cej Ostoja Lniski<\/strong> \u2013 Rektor Akademii Sztuk Pi\u0119knych w Warszawie, Przewodnicz\u0105cy Konferencji Rektor\u00f3w Uczelni Artystycznych<br>\u2022 <strong>dr Mi\u0142osz Bembinow<\/strong> \u2013 Prezes Stowarzyszenia Autor\u00f3w ZAiKS<br>\u2022 <strong>Grzegorz \u0141oszewski<\/strong> \u2013 Scenarzysta, Prezes Stowarzyszenia Filmowc\u00f3w Polskich<br>\u2022 <strong>Adam Sanocki<\/strong> \u2013 Cz\u0142onek Zarz\u0105du Polskie Porty Lotnicze S.A.<br>\u2022 <strong>S\u0142awomir Majcher<\/strong> \u2013 Dyrektor Muzeum Sportu i Turystyki w Warszawie<br>\u2022 <strong>Wioletta Kotkowska<\/strong> \u2013 p.o. Dyrektora Mazowieckiego Centrum Sztuki Wsp\u00f3\u0142czesnej \u201eElektrownia\u201d<br>\u2022 <em><strong>dr Beata Michalec<\/strong><\/em><strong> \u2013 p.o. Dyrektora Muzeum Literatury<\/strong><br>\u2022 <strong>Robert Piastowski<\/strong> \u2013 Dyrektor Narodowego Centrum Kultury<br>\u2022 <strong>Jakub Makowski<\/strong> \u2013 Dyrektor Departamentu Ochrony Zabytk\u00f3w<br>\u2022 <strong>Jaros\u0142aw Olszewski <\/strong>\u2013 Prezes Fundacji Work&amp;Science<br>\u2022 <strong>Maciej Stryjecki \u2013 Redaktor naczelny miesi\u0119cznika \u201eHi-Fi\u201d<\/strong><\/p>\n\n\n\n<p class=\"has-small-font-size\"><\/p>\n\n\n\n<p><\/p>\n\n\n\n<p class=\"has-small-font-size\"><\/p>\n\n\n\n<p class=\"has-small-font-size\"><\/p>\n\n\n\n<p class=\"has-small-font-size\"><\/p>\n<\/div>\n\n\n\n<div class=\"wp-block-column is-layout-flow wp-block-column-is-layout-flow\">\n<p class=\"has-small-font-size\">Jury konkursu artNOBLE jest ka\u017cdorazowo wybierane spo\u015br\u00f3d cz\u0142onk\u00f3w Honorowego Komitetu Artystycznego i dzia\u0142a na podstawie jego decyzji oraz rekomendacji.<\/p>\n\n\n\n<p class=\"has-small-font-size\"><strong>Artystyczny Komitet Honorowy:<\/strong><br><br>\u2022 <strong>prof. Jacek Staszewski<\/strong> (ASP Warszawa) \u2013 kurator<br>\u2022 <strong>prof. Marian Waldemar Kuczma<\/strong> (ASP Wroc\u0142aw) \u2013 kurator<br>\u2022 <strong>prof. Jan Tutaj<\/strong> (ASP Krak\u00f3w) \u2013 przewodnicz\u0105cy, kurator<br>\u2022 <strong>prof. Piotr Karczewski<\/strong> (ASP \u0141\u00f3d\u017a) \u2013 kurator<br>\u2022 <strong>prof. Jacek Zdybel <\/strong>(ASP Gda\u0144sk) \u2013 kurator<br>\u2022 <strong>dr hab. Jaros\u0142aw Bogucki<\/strong>, prof. UA (UA Pozna\u0144) \u2013 kurator<br>\u2022 <strong>prof. Micha\u0142 Minor<\/strong> (ASP Katowice) \u2013 kurator<br>\u2022 <strong>prof. Aleksander Ko\u015bci\u00f3w<\/strong> (UMFC w Warszawie) \u2013 kurator<br>\u2022 <strong>prof. Anna Serafi\u0144ska<\/strong> (Akademia Teatralna w Warszawie) \u2013 kuratorka<br>\u2022 <strong>prof. Stanis\u0142aw Mocek<\/strong> \u2013 Rektor Collegium Civitas<br>\u2022 <strong>dr hab. Alicja W\u0119gorzewska<\/strong> \u2013 Dyrektor Warszawskiej Opery Kameralnej<br>\u2022 <strong>dr hab. Marko St. Babi\u010d<\/strong> \u2013 Uniwersytet Warszawski<br>\u2022 <strong>dr hab. Robert Manowski<\/strong> \u2013 Prezydent Wy\u017cszej Szko\u0142y Artystycznej w Warszawie<br>\u2022 <strong>dr hab. \u0141ukasz Rudecki<\/strong> \u2013 Dyrektor ds. artystycznych Mazowieckiego Centrum \u201eElektrownia\u201d<br>\u2022 <strong>dr hab. Pawe\u0142 Kwiatkowski <\/strong>(ASP \u0141\u00f3d\u017a) \u2013 laureat 2012<br>\u2022 <strong>dr Jacek Dudek<\/strong> (ASP Krak\u00f3w) \u2013 laureat 2013<br>\u2022 <strong>dr Marcelina Gro\u0144<\/strong> (ASP Wroc\u0142aw) \u2013 laureatka 2014<br>\u2022 <strong>Nadia \u015awierczyna<\/strong> (ASP Katowice) \u2013 laureatka 2015<br>\u2022 <strong>Przemys\u0142aw Je\u017cmirski <\/strong>(ASP Katowice) \u2013 laureat 2016<br>\u2022 <strong>Maciej Andrzejczak<\/strong> (UA Pozna\u0144) \u2013 laureat 2017<br>\u2022 <strong>Mateusz Kokot<\/strong> (ASP Katowice) \u2013 laureat 2018<br>\u2022 <strong>Robert Marchewka<\/strong> (ASP Warszawa) \u2013 laureat 2019<br>\u2022 <strong>Alicja Pakosz<\/strong> (ASP Krak\u00f3w) \u2013 laureatka 2020<br>\u2022 <strong>Natalia Gwiazdowska<\/strong> (ASP Gda\u0144sk) \u2013 laureatka 2021<br>\u2022 <strong>Igor Koci\u0144ski<\/strong> (ASP \u0141\u00f3d\u017a) \u2013 laureat 2022<br>\u2022 <strong>\u0141ukasz Sawicki<\/strong> (ASP Warszawa) \u2013 laureat 2023<br>\u2022 <strong>Laura Pola\u0144ska<\/strong> (UA Pozna\u0144) \u2013 laureatka 2024<br>\u2022 <strong>Jette Bierg<\/strong> \u2013 Dyrektorka MSA \/ Met\u00e0fora Studio Arts (Hiszpania)<br>\u2022 <strong>Marek \u017bydowicz<\/strong> \u2013 Dyrektor Mi\u0119dzynarodowego Festiwalu Camerimage<br>\u2022 <strong>Roman Gutek<\/strong> \u2013 Za\u0142o\u017cyciel Gutek Film, tw\u00f3rca Festiwalu Nowe Horyzonty<br>\u2022 <strong>dr Tomasz Mi\u0142kowski<\/strong> \u2013 Przewodnicz\u0105cy Polskiej Sekcji Mi\u0119dzynarodowego Stowarzyszenia Krytyk\u00f3w Teatralnych<br>\u2022 <strong>Lidia Popiel<\/strong> \u2013 Fotografka, dziennikarka, modelka<br>\u2022 <strong>Marek Wawrzkiewicz<\/strong> \u2013 Prezes Zwi\u0105zku Literat\u00f3w Polskich<br>\u2022 <strong>Grzegorz Trochimczuk<\/strong> \u2013 Prezes Oddzia\u0142u Warszawskiego ZLP<br>\u2022 <strong>Jerzy Jankowski<\/strong> \u2013 Wiceprezes Oddzia\u0142u Warszawskiego ZLP<br>\u2022 <strong>Adam Rado\u0144<\/strong> \u2013 Dyrektor Mi\u0119dzynarodowego Festiwalu Komiks\u00f3w i Gier<br>\u2022 <strong>Jacek Cegie\u0142ka<\/strong> \u2013 Prezes Fundacji Kino<br>\u2022 <strong>Jolanta Borowiec<\/strong> \u2013 Dyrektor kana\u0142u Polsat Caf\u00e9<br>\u2022 <strong>Piotr Jasiak<\/strong> \u2013 Szef Dzia\u0142u Nowych Medi\u00f3w, Telewizja Polsat<br>\u2022 <strong>Bogus\u0142aw Chrabota<\/strong> \u2013 Redaktor dziennika \u201eRzeczpospolita\u201d<br>\u2022 <strong>Pawe\u0142 \u0141ubowski<\/strong> \u2013 Redaktor naczelny magazynu \u201eArtluk\u201d<br>\u2022 <strong>Pawe\u0142 Witkowski<\/strong> \u2013 Kurator Mazowieckiego Centrum \u201eElektrownia\u201d<br>\u2022 <strong>Maciej Mazurek<\/strong> \u2013 Krytyk sztuki, publicysta, malarz<br>\u2022 <strong>Monika Ma\u0142kowska<\/strong> \u2013 Krytyk sztuki, publicystka<br>\u2022 <strong>Matthew Tyrmand<\/strong> \u2013 Publicysta, dziennikarz<br>\u2022 <strong>Kaja Werbanowska<\/strong> \u2013 Kuratorka Galerii Promocyjnej w Warszawie<br>\u2022 <strong>dr Pawe\u0142 W\u0119grzyn<\/strong> \u2013 Projektant mody, farmakolog kliniczny, tw\u00f3rca marki W\u0119grzyn Fashion<br>\u2022 <strong>dr Jaros\u0142aw Marek Spycha\u0142a<\/strong> \u2013 Filozof, tw\u00f3rca programu edukacyjnego \u201eLego-Logos\u201d<br>\u2022 <strong>Joanna Kos-Krauze<\/strong> \u2013 Re\u017cyserka, Wiceprzewodnicz\u0105ca Gildii Re\u017cyser\u00f3w Polskich<br>\u2022 <strong>Rafa\u0142 Sisicki<\/strong> \u2013 Re\u017cyser, aktor, Wiceprzewodnicz\u0105cy Oddzia\u0142u ZASP w Warszawie<br>\u2022 <strong>Robert Gonera<\/strong> \u2013 Aktor, re\u017cyser, tw\u00f3rca Festiwalu Interscenario<br>\u2022 <strong>Ma\u0142gorzata Lewi\u0144ska<\/strong> \u2013 Aktorka, instruktorka teatralna<br>\u2022 <strong>dr Piotr Perski<\/strong> \u2013 Malarz, wyk\u0142adowca Barcelona Academy of Art<\/p>\n\n\n\n<p class=\"has-small-font-size\"><\/p>\n<\/div>\n<\/div>\n\n\n\n<p class=\"has-small-font-size\"><\/p>\n\n\n\n<p class=\"has-small-font-size\"><\/p>\n\n\n\n<p><\/p>\n","protected":false},"excerpt":{"rendered":"<p>Edukacyjny Festiwal Sztuki artNOBLE organizowany jest przez Mazowieckie Centrum Sztuki Wsp\u00f3\u0142czesnej \u201eElektrownia\u201d w Radomiu we wsp\u00f3\u0142pracy z Fundacj\u0105 Kultury i Sztuki artHolding.Festiwal tradycyjnie odbywa si\u0119 we wrze\u015bniu \u2013 nieprzerwanie od 12 lat \u2013 i \u015bci\u015ble wsp\u00f3\u0142pracuje z Interdyscyplinarnym Festiwalem Sztuk Miasto Gwiazd w \u017byrardowie. Kuratorem artystycznym Festiwalu jest prof. Artur Krajewski (ASP w Warszawie), natomiast [&hellip;]<\/p>\n","protected":false},"author":2,"featured_media":67,"parent":0,"menu_order":0,"comment_status":"closed","ping_status":"closed","template":"","meta":{"footnotes":""},"class_list":["post-11","page","type-page","status-publish","has-post-thumbnail","hentry"],"_links":{"self":[{"href":"https:\/\/artnoble.pl\/index.php?rest_route=\/wp\/v2\/pages\/11","targetHints":{"allow":["GET"]}}],"collection":[{"href":"https:\/\/artnoble.pl\/index.php?rest_route=\/wp\/v2\/pages"}],"about":[{"href":"https:\/\/artnoble.pl\/index.php?rest_route=\/wp\/v2\/types\/page"}],"author":[{"embeddable":true,"href":"https:\/\/artnoble.pl\/index.php?rest_route=\/wp\/v2\/users\/2"}],"replies":[{"embeddable":true,"href":"https:\/\/artnoble.pl\/index.php?rest_route=%2Fwp%2Fv2%2Fcomments&post=11"}],"version-history":[{"count":15,"href":"https:\/\/artnoble.pl\/index.php?rest_route=\/wp\/v2\/pages\/11\/revisions"}],"predecessor-version":[{"id":128,"href":"https:\/\/artnoble.pl\/index.php?rest_route=\/wp\/v2\/pages\/11\/revisions\/128"}],"wp:featuredmedia":[{"embeddable":true,"href":"https:\/\/artnoble.pl\/index.php?rest_route=\/wp\/v2\/media\/67"}],"wp:attachment":[{"href":"https:\/\/artnoble.pl\/index.php?rest_route=%2Fwp%2Fv2%2Fmedia&parent=11"}],"curies":[{"name":"wp","href":"https:\/\/api.w.org\/{rel}","templated":true}]}}